{"id":1009,"date":"2026-01-22T13:25:42","date_gmt":"2026-01-22T13:25:42","guid":{"rendered":"https:\/\/sare.nerioworks.com\/urun\/mor-mat-saten-etegi-beyaz-gul-motifli-ozel-tasarim-kiz-cocuk-abiye-dogum-gunu-elbisesi-toka\/"},"modified":"2026-01-22T13:26:27","modified_gmt":"2026-01-22T13:26:27","slug":"mor-mat-saten-etegi-beyaz-gul-motifli-ozel-tasarim-kiz-cocuk-abiye-dogum-gunu-elbisesi-toka","status":"publish","type":"product","link":"https:\/\/sarecocukgiyim.com.tr\/en\/product\/mor-mat-saten-etegi-beyaz-gul-motifli-ozel-tasarim-kiz-cocuk-abiye-dogum-gunu-elbisesi-toka\/","title":{"rendered":"Mor Mat Saten Ete\u011fi Beyaz G\u00fcl Motifli \u00d6zel Tasar\u0131m K\u0131z \u00c7ocuk Abiye Do\u011fum G\u00fcn\u00fc Elbisesi +Toka"},"content":{"rendered":"<p>&#8211; K\u0131sa balon kollu tasar\u0131m\u0131 ile hareket \u00f6zg\u00fcrl\u00fc\u011f\u00fc sunar ve \u015f\u0131k bir g\u00f6r\u00fcn\u00fcm sa\u011flar.; &#8211; Beyaz g\u00fcl motifleriyle s\u00fcslenmi\u015f, g\u00f6z al\u0131c\u0131 bir desenle dikkat \u00e7eker.; &#8211; Mor mat saten ete\u011fi ile zarif ve sofistike bir stil olu\u015fturur.; &#8211; \u00d6zel g\u00fcnlerde k\u0131z \u00e7ocuklar\u0131 i\u00e7in ideal bir se\u00e7im olan bu elbise, do\u011fum g\u00fcn\u00fc gibi kutlamalarda \u015f\u0131kl\u0131\u011f\u0131 ve rahatl\u0131\u011f\u0131 bir arada sunar.; &#8211; Mor renkli saten ete\u011fi, canl\u0131 ve ne\u015feli bir atmosfer yarat\u0131rken, beyaz g\u00fcl motifleriyle zarif bir dokunu\u015f ekler.;<\/p>","protected":false},"excerpt":{"rendered":"<p>&#8211; K\u0131sa balon kollu tasar\u0131m\u0131 ile hareket \u00f6zg\u00fcrl\u00fc\u011f\u00fc sunar ve \u015f\u0131k bir g\u00f6r\u00fcn\u00fcm sa\u011flar.; &#8211; Beyaz g\u00fcl motifleriyle s\u00fcslenmi\u015f, g\u00f6z<\/p>","protected":false},"featured_media":1011,"comment_status":"closed","ping_status":"open","template":"","meta":[],"product_brand":[53],"product_cat":[54],"product_tag":[],"class_list":{"0":"post-1009","1":"product","2":"type-product","3":"status-publish","4":"has-post-thumbnail","6":"product_brand-sare-cocuk-giyim","7":"product_cat-abiye-mezuniyet-elbisesi","8":"pa_beden-2-3-yas","9":"pa_beden-3-4-yas","10":"pa_beden-4-5-yas","11":"pa_beden-5-6-yas","12":"pa_beden-6-7-yas","13":"pa_beden-7-8-yas","14":"pa_beden-9-10-yas","16":"first","17":"instock","18":"sale","19":"purchasable","20":"product-type-variable"},"_links":{"self":[{"href":"https:\/\/sarecocukgiyim.com.tr\/en\/wp-json\/wp\/v2\/product\/1009","targetHints":{"allow":["GET"]}}],"collection":[{"href":"https:\/\/sarecocukgiyim.com.tr\/en\/wp-json\/wp\/v2\/product"}],"about":[{"href":"https:\/\/sarecocukgiyim.com.tr\/en\/wp-json\/wp\/v2\/types\/product"}],"replies":[{"embeddable":true,"href":"https:\/\/sarecocukgiyim.com.tr\/en\/wp-json\/wp\/v2\/comments?post=1009"}],"wp:featuredmedia":[{"embeddable":true,"href":"https:\/\/sarecocukgiyim.com.tr\/en\/wp-json\/wp\/v2\/media\/1011"}],"wp:attachment":[{"href":"https:\/\/sarecocukgiyim.com.tr\/en\/wp-json\/wp\/v2\/media?parent=1009"}],"wp:term":[{"taxonomy":"product_brand","embeddable":true,"href":"https:\/\/sarecocukgiyim.com.tr\/en\/wp-json\/wp\/v2\/product_brand?post=1009"},{"taxonomy":"product_cat","embeddable":true,"href":"https:\/\/sarecocukgiyim.com.tr\/en\/wp-json\/wp\/v2\/product_cat?post=1009"},{"taxonomy":"product_tag","embeddable":true,"href":"https:\/\/sarecocukgiyim.com.tr\/en\/wp-json\/wp\/v2\/product_tag?post=1009"}],"curies":[{"name":"wp","href":"https:\/\/api.w.org\/{rel}","templated":true}]}}