{"id":1238,"date":"2026-01-22T13:30:01","date_gmt":"2026-01-22T13:30:01","guid":{"rendered":"https:\/\/sare.nerioworks.com\/urun\/siyah-tam-klos-ucus-ucus-karolin-abiye-kiz-cocuk-elbise\/"},"modified":"2026-01-22T13:31:29","modified_gmt":"2026-01-22T13:31:29","slug":"siyah-tam-klos-ucus-ucus-karolin-abiye-kiz-cocuk-elbise","status":"publish","type":"product","link":"https:\/\/sarecocukgiyim.com.tr\/en\/product\/siyah-tam-klos-ucus-ucus-karolin-abiye-kiz-cocuk-elbise\/","title":{"rendered":"Siyah Tam Klo\u015f U\u00e7u\u015f U\u00e7u\u015f Karolin Abiye K\u0131z \u00c7ocuk Elbise"},"content":{"rendered":"<p>&#8211; Balon kol tasar\u0131m\u0131 ile modern ve \u015f\u0131k bir g\u00f6r\u00fcn\u00fcm sunar.; &#8211; T\u00fcl dokuma tipi, hafif ve zarif bir dokunu\u015f sa\u011flar.; &#8211; Tam klo\u015f kesimiyle sade ve \u015f\u0131k bir siluet olu\u015fturur.; &#8211; Party ortamlar\u0131 i\u00e7in ideal, dikkat \u00e7ekici bir se\u00e7imdir.; &#8211; S\u00fcrd\u00fcr\u00fclebilirlik detaylar\u0131 ile \u00e7evre dostu bir tercih sunar.; &#8211; Cepsiz tasar\u0131m\u0131 sayesinde minimalist bir g\u00f6r\u00fcn\u00fcm elde edilir.; &#8211; Kemersiz yap\u0131s\u0131 ile rahat hareket etme olana\u011f\u0131 tan\u0131r.; &#8211; Astarl\u0131 yap\u0131s\u0131 konforlu bir kullan\u0131m sa\u011flar.; &#8211; Saten materyali, parlak ve p\u00fcr\u00fczs\u00fcz bir y\u00fczey sunar.; &#8211; Cool &#038; Comfort persona ile hem rahat hem de stil sahibi g\u00f6r\u00fcn\u00fcm kazand\u0131r\u0131r.; &#8211; U yaka tasar\u0131m\u0131 ile zarif bir boyun hatt\u0131 vurgular.; &#8211; T\u00fcm sezonlar i\u00e7in uygun olan bu elbise, her mevsimde \u015f\u0131kl\u0131\u011f\u0131n\u0131zdan \u00f6d\u00fcn vermezsiniz.; &#8211; Tokal\u0131 detaylar\u0131 ile ekstra \u015f\u0131kl\u0131k katarken ayn\u0131 zamanda fonksiyonel kullan\u0131m imkan\u0131 sunar.; &#8211; Slim silueti sayesinde v\u00fccut hatlar\u0131n\u0131za m\u00fckemmel uyum sa\u011flar.; &#8211; Fermuarl\u0131 kapama \u015fekli pratik kullan\u0131m sunar<\/p>","protected":false},"excerpt":{"rendered":"<p>&#8211; Balon kol tasar\u0131m\u0131 ile modern ve \u015f\u0131k bir g\u00f6r\u00fcn\u00fcm sunar.; &#8211; T\u00fcl dokuma tipi, hafif ve zarif bir dokunu\u015f<\/p>","protected":false},"featured_media":1240,"comment_status":"closed","ping_status":"open","template":"","meta":[],"product_brand":[53],"product_cat":[54],"product_tag":[],"class_list":{"0":"post-1238","1":"product","2":"type-product","3":"status-publish","4":"has-post-thumbnail","6":"product_brand-sare-cocuk-giyim","7":"product_cat-abiye-mezuniyet-elbisesi","8":"pa_beden-1-2-yas","9":"pa_beden-2-3-yas","10":"pa_beden-4-5-yas","11":"pa_beden-5-6-yas","12":"pa_beden-6-7-yas","13":"pa_beden-7-8-yas","15":"first","16":"instock","17":"sale","18":"purchasable","19":"product-type-variable"},"_links":{"self":[{"href":"https:\/\/sarecocukgiyim.com.tr\/en\/wp-json\/wp\/v2\/product\/1238","targetHints":{"allow":["GET"]}}],"collection":[{"href":"https:\/\/sarecocukgiyim.com.tr\/en\/wp-json\/wp\/v2\/product"}],"about":[{"href":"https:\/\/sarecocukgiyim.com.tr\/en\/wp-json\/wp\/v2\/types\/product"}],"replies":[{"embeddable":true,"href":"https:\/\/sarecocukgiyim.com.tr\/en\/wp-json\/wp\/v2\/comments?post=1238"}],"wp:featuredmedia":[{"embeddable":true,"href":"https:\/\/sarecocukgiyim.com.tr\/en\/wp-json\/wp\/v2\/media\/1240"}],"wp:attachment":[{"href":"https:\/\/sarecocukgiyim.com.tr\/en\/wp-json\/wp\/v2\/media?parent=1238"}],"wp:term":[{"taxonomy":"product_brand","embeddable":true,"href":"https:\/\/sarecocukgiyim.com.tr\/en\/wp-json\/wp\/v2\/product_brand?post=1238"},{"taxonomy":"product_cat","embeddable":true,"href":"https:\/\/sarecocukgiyim.com.tr\/en\/wp-json\/wp\/v2\/product_cat?post=1238"},{"taxonomy":"product_tag","embeddable":true,"href":"https:\/\/sarecocukgiyim.com.tr\/en\/wp-json\/wp\/v2\/product_tag?post=1238"}],"curies":[{"name":"wp","href":"https:\/\/api.w.org\/{rel}","templated":true}]}}