{"id":1329,"date":"2026-01-22T13:32:10","date_gmt":"2026-01-22T13:32:10","guid":{"rendered":"https:\/\/sare.nerioworks.com\/urun\/kiz-cocuk-unicorn-renkli-kuyruklu-prenses-parti-elbisesi-toka\/"},"modified":"2026-01-22T13:32:53","modified_gmt":"2026-01-22T13:32:53","slug":"kiz-cocuk-unicorn-renkli-kuyruklu-prenses-parti-elbisesi-toka","status":"publish","type":"product","link":"https:\/\/sarecocukgiyim.com.tr\/en\/product\/kiz-cocuk-unicorn-renkli-kuyruklu-prenses-parti-elbisesi-toka\/","title":{"rendered":"K\u0131z \u00c7ocuk Unicorn Renkli Kuyruklu Prenses Parti Elbisesi + Toka"},"content":{"rendered":"<p>&#8211; Fermuarl\u0131 kapama \u00f6zelli\u011fi sayesinde kolayca giyilip \u00e7\u0131kart\u0131labilir ve pratik kullan\u0131m sunar.; &#8211; Fashion Forward tasar\u0131m\u0131 ile modern ve \u015f\u0131k bir g\u00f6r\u00fcn\u00fcm sa\u011flar, \u00e7ocuklar\u0131n tarz\u0131n\u0131 yans\u0131t\u0131r.; &#8211; T\u00fcl dokuma tipi, hafif ve zarif bir yap\u0131ya sahip olup, rahat hareket etme olana\u011f\u0131 tan\u0131r.; &#8211; Cepsiz tasar\u0131m\u0131 ile sade ve \u015f\u0131k bir g\u00f6r\u00fcn\u00fcm elde edilirken, aksesuar ta\u015f\u0131ma ihtiyac\u0131n\u0131 kar\u015f\u0131lar.; &#8211; T\u00fcm sezonlarda rahatl\u0131kla tercih edilebilen bu elbise, mevsim ge\u00e7i\u015flerinde de idealdir.; &#8211; Party koleksiyonuna \u00f6zel olarak tasarlanm\u0131\u015f olup, \u00f6zel g\u00fcnlerde g\u00f6z al\u0131c\u0131 bir stil sunar.; &#8211; K\u0131sa kol boyu ile yaz aylar\u0131nda serinlik sa\u011flarken balon kol tasar\u0131m\u0131 hareket \u00f6zg\u00fcrl\u00fc\u011f\u00fc verir.; &#8211; Balon silueti sayesinde v\u00fccut hatlar\u0131n\u0131 zarif\u00e7e sararak feminen bir duru\u015f kazand\u0131r\u0131r.; &#8211; S\u00fcrd\u00fcr\u00fclebilirlik detay\u0131na sahip olmas\u0131 \u00e7evre dostu bir se\u00e7im yapmay\u0131 m\u00fcmk\u00fcn k\u0131l\u0131yor.; &#8211; Astarl\u0131 yap\u0131s\u0131 ile konforlu bir kullan\u0131m sunarken, kutulu olarak sunulmas\u0131 hediye olarak idealdir.; &#8211; U yaka tipi ile zarif ve sofistike bir g\u00f6r\u00fcn\u00fcm elde edilirken fiyonklu detaylar \u015f\u0131kl\u0131\u011f\u0131 tamamlar.;<\/p>","protected":false},"excerpt":{"rendered":"<p>&#8211; Fermuarl\u0131 kapama \u00f6zelli\u011fi sayesinde kolayca giyilip \u00e7\u0131kart\u0131labilir ve pratik kullan\u0131m sunar.; &#8211; Fashion Forward tasar\u0131m\u0131 ile modern ve \u015f\u0131k<\/p>","protected":false},"featured_media":1331,"comment_status":"closed","ping_status":"open","template":"","meta":[],"product_brand":[53],"product_cat":[54],"product_tag":[],"class_list":{"0":"post-1329","1":"product","2":"type-product","3":"status-publish","4":"has-post-thumbnail","6":"product_brand-sare-cocuk-giyim","7":"product_cat-abiye-mezuniyet-elbisesi","8":"pa_beden-1-2-yas","9":"pa_beden-11-yas","10":"pa_beden-11-12-yas","11":"pa_beden-2-3-yas","12":"pa_beden-3-4-yas","13":"pa_beden-4-5-yas","14":"pa_beden-5-6-yas","15":"pa_beden-6-7-yas","16":"pa_beden-7-8-yas","17":"pa_beden-8-9-yas","18":"pa_beden-9-10-yas","20":"first","21":"instock","22":"sale","23":"purchasable","24":"product-type-variable"},"_links":{"self":[{"href":"https:\/\/sarecocukgiyim.com.tr\/en\/wp-json\/wp\/v2\/product\/1329","targetHints":{"allow":["GET"]}}],"collection":[{"href":"https:\/\/sarecocukgiyim.com.tr\/en\/wp-json\/wp\/v2\/product"}],"about":[{"href":"https:\/\/sarecocukgiyim.com.tr\/en\/wp-json\/wp\/v2\/types\/product"}],"replies":[{"embeddable":true,"href":"https:\/\/sarecocukgiyim.com.tr\/en\/wp-json\/wp\/v2\/comments?post=1329"}],"wp:featuredmedia":[{"embeddable":true,"href":"https:\/\/sarecocukgiyim.com.tr\/en\/wp-json\/wp\/v2\/media\/1331"}],"wp:attachment":[{"href":"https:\/\/sarecocukgiyim.com.tr\/en\/wp-json\/wp\/v2\/media?parent=1329"}],"wp:term":[{"taxonomy":"product_brand","embeddable":true,"href":"https:\/\/sarecocukgiyim.com.tr\/en\/wp-json\/wp\/v2\/product_brand?post=1329"},{"taxonomy":"product_cat","embeddable":true,"href":"https:\/\/sarecocukgiyim.com.tr\/en\/wp-json\/wp\/v2\/product_cat?post=1329"},{"taxonomy":"product_tag","embeddable":true,"href":"https:\/\/sarecocukgiyim.com.tr\/en\/wp-json\/wp\/v2\/product_tag?post=1329"}],"curies":[{"name":"wp","href":"https:\/\/api.w.org\/{rel}","templated":true}]}}