{"id":1386,"date":"2026-01-22T13:32:58","date_gmt":"2026-01-22T13:32:58","guid":{"rendered":"https:\/\/sare.nerioworks.com\/urun\/kiz-cocuk-krem-cikarabilir-kuyruklu-surunen-elbise-dogum-gunu-kabarik-abiye-toka-canta\/"},"modified":"2026-01-22T13:34:30","modified_gmt":"2026-01-22T13:34:30","slug":"kiz-cocuk-krem-cikarabilir-kuyruklu-surunen-elbise-dogum-gunu-kabarik-abiye-toka-canta","status":"publish","type":"product","link":"https:\/\/sarecocukgiyim.com.tr\/en\/product\/kiz-cocuk-krem-cikarabilir-kuyruklu-surunen-elbise-dogum-gunu-kabarik-abiye-toka-canta\/","title":{"rendered":"K\u0131z \u00c7ocuk Krem \u00c7\u0131karabilir Kuyruklu S\u00fcr\u00fcnen Elbise Do\u011fum G\u00fcn\u00fc Kabar\u0131k Abiye + Toka + \u00c7anta"},"content":{"rendered":"","protected":false},"excerpt":{"rendered":"","protected":false},"featured_media":1388,"comment_status":"closed","ping_status":"open","template":"","meta":[],"product_brand":[53],"product_cat":[54],"product_tag":[],"class_list":{"0":"post-1386","1":"product","2":"type-product","3":"status-publish","4":"has-post-thumbnail","6":"product_brand-sare-cocuk-giyim","7":"product_cat-abiye-mezuniyet-elbisesi","8":"pa_beden-10-yas","9":"pa_beden-10-11-yas","10":"pa_beden-11-yas","11":"pa_beden-11-12-yas","12":"pa_beden-2-3-yas","13":"pa_beden-3-4-yas","14":"pa_beden-4-5-yas","15":"pa_beden-5-6-yas","16":"pa_beden-6-7-yas","17":"pa_beden-7-8-yas","18":"pa_beden-9-yas","19":"pa_beden-9-10-yas","21":"first","22":"instock","23":"sale","24":"purchasable","25":"product-type-variable"},"_links":{"self":[{"href":"https:\/\/sarecocukgiyim.com.tr\/en\/wp-json\/wp\/v2\/product\/1386","targetHints":{"allow":["GET"]}}],"collection":[{"href":"https:\/\/sarecocukgiyim.com.tr\/en\/wp-json\/wp\/v2\/product"}],"about":[{"href":"https:\/\/sarecocukgiyim.com.tr\/en\/wp-json\/wp\/v2\/types\/product"}],"replies":[{"embeddable":true,"href":"https:\/\/sarecocukgiyim.com.tr\/en\/wp-json\/wp\/v2\/comments?post=1386"}],"wp:featuredmedia":[{"embeddable":true,"href":"https:\/\/sarecocukgiyim.com.tr\/en\/wp-json\/wp\/v2\/media\/1388"}],"wp:attachment":[{"href":"https:\/\/sarecocukgiyim.com.tr\/en\/wp-json\/wp\/v2\/media?parent=1386"}],"wp:term":[{"taxonomy":"product_brand","embeddable":true,"href":"https:\/\/sarecocukgiyim.com.tr\/en\/wp-json\/wp\/v2\/product_brand?post=1386"},{"taxonomy":"product_cat","embeddable":true,"href":"https:\/\/sarecocukgiyim.com.tr\/en\/wp-json\/wp\/v2\/product_cat?post=1386"},{"taxonomy":"product_tag","embeddable":true,"href":"https:\/\/sarecocukgiyim.com.tr\/en\/wp-json\/wp\/v2\/product_tag?post=1386"}],"curies":[{"name":"wp","href":"https:\/\/api.w.org\/{rel}","templated":true}]}}