{"id":1407,"date":"2026-01-22T13:33:48","date_gmt":"2026-01-22T13:33:48","guid":{"rendered":"https:\/\/sare.nerioworks.com\/urun\/pembe-gri-cicekli-kiz-cocuk-vintage-etegi-katli-natural-ham-pamuk-dogum-gunu-cosplay-elbise-toka\/"},"modified":"2026-01-22T13:34:30","modified_gmt":"2026-01-22T13:34:30","slug":"pembe-gri-cicekli-kiz-cocuk-vintage-etegi-katli-natural-ham-pamuk-dogum-gunu-cosplay-elbise-toka","status":"publish","type":"product","link":"https:\/\/sarecocukgiyim.com.tr\/en\/product\/pembe-gri-cicekli-kiz-cocuk-vintage-etegi-katli-natural-ham-pamuk-dogum-gunu-cosplay-elbise-toka\/","title":{"rendered":"Pembe Gri \u00c7i\u00e7ekli K\u0131z \u00c7ocuk Vintage Ete\u011fi Katl\u0131 Natural Ham Pamuk Do\u011fum G\u00fcn\u00fc Cosplay Elbise + Toka"},"content":{"rendered":"<p>&#8211; Balon kollu tasar\u0131m\u0131 ile \u015f\u0131k ve modern bir g\u00f6r\u00fcn\u00fcm sunar.; &#8211; Slim silueti sayesinde v\u00fccut hatlar\u0131n\u0131 zarif\u00e7e sarar ve feminen bir duru\u015f sa\u011flar.; &#8211; Poplin dokuma tipi, dayan\u0131kl\u0131l\u0131\u011f\u0131 ve konforu bir arada sunarak uzun s\u00fcreli kullan\u0131m imkan\u0131 verir.; &#8211; Astarl\u0131 yap\u0131s\u0131 ile rahatl\u0131k ve konforu art\u0131r\u0131rken, kaps\u0131z tasar\u0131m\u0131 sayesinde hareket \u00f6zg\u00fcrl\u00fc\u011f\u00fc sa\u011flar.; &#8211; S\u00fcrd\u00fcr\u00fclebilirlik detay\u0131na sahip olup, \u00e7evre dostu malzemelerle \u00fcretilmi\u015ftir; bu da do\u011faya olan sayg\u0131n\u0131z\u0131 yans\u0131t\u0131r.; &#8211; T\u00fcm sezonlar i\u00e7in uygun olan bu elbise, mevsim ge\u00e7i\u015flerinde de rahatl\u0131kla tercih edilebilir.; &#8211; Empirme bask\u0131 tekni\u011fi ile canl\u0131 ve kal\u0131c\u0131 \u00e7i\u00e7ek desenleri, g\u00f6z al\u0131c\u0131 bir estetik sunar.; &#8211; Kemersiz tasar\u0131m\u0131, basit ama \u015f\u0131k bir g\u00f6r\u00fcn\u00fcm i\u00e7in idealdir; toka ile tamamlanarak zarif bir dokunu\u015f ekleyebilirsiniz.; &#8211; D\u00fc\u011fmeli yaka detay\u0131 ile vintage esintiler ta\u015f\u0131yan bu elbise, nostaljik bir hava katmaktad\u0131r.; &#8211; Orta kal\u0131nl\u0131kta kuma\u015f\u0131 sayesinde hem serin havalarda hem de \u0131l\u0131k g\u00fcnlerde konforlu bir deneyim sunar.; &#8211; %100 pamuk materyali cildi korur.;<\/p>","protected":false},"excerpt":{"rendered":"<p>&#8211; Balon kollu tasar\u0131m\u0131 ile \u015f\u0131k ve modern bir g\u00f6r\u00fcn\u00fcm sunar.; &#8211; Slim silueti sayesinde v\u00fccut hatlar\u0131n\u0131 zarif\u00e7e sarar ve<\/p>","protected":false},"featured_media":1409,"comment_status":"closed","ping_status":"open","template":"","meta":[],"product_brand":[53],"product_cat":[65],"product_tag":[],"class_list":{"0":"post-1407","1":"product","2":"type-product","3":"status-publish","4":"has-post-thumbnail","6":"product_brand-sare-cocuk-giyim","7":"product_cat-elbise","8":"pa_beden-1-2-yas","9":"pa_beden-2-3-yas","10":"pa_beden-3-4-yas","11":"pa_beden-4-5-yas","12":"pa_beden-5-6-yas","13":"pa_beden-6-7-yas","14":"pa_beden-7-8-yas","15":"pa_beden-9-10-yas","17":"first","18":"instock","19":"sale","20":"purchasable","21":"product-type-variable"},"_links":{"self":[{"href":"https:\/\/sarecocukgiyim.com.tr\/en\/wp-json\/wp\/v2\/product\/1407","targetHints":{"allow":["GET"]}}],"collection":[{"href":"https:\/\/sarecocukgiyim.com.tr\/en\/wp-json\/wp\/v2\/product"}],"about":[{"href":"https:\/\/sarecocukgiyim.com.tr\/en\/wp-json\/wp\/v2\/types\/product"}],"replies":[{"embeddable":true,"href":"https:\/\/sarecocukgiyim.com.tr\/en\/wp-json\/wp\/v2\/comments?post=1407"}],"wp:featuredmedia":[{"embeddable":true,"href":"https:\/\/sarecocukgiyim.com.tr\/en\/wp-json\/wp\/v2\/media\/1409"}],"wp:attachment":[{"href":"https:\/\/sarecocukgiyim.com.tr\/en\/wp-json\/wp\/v2\/media?parent=1407"}],"wp:term":[{"taxonomy":"product_brand","embeddable":true,"href":"https:\/\/sarecocukgiyim.com.tr\/en\/wp-json\/wp\/v2\/product_brand?post=1407"},{"taxonomy":"product_cat","embeddable":true,"href":"https:\/\/sarecocukgiyim.com.tr\/en\/wp-json\/wp\/v2\/product_cat?post=1407"},{"taxonomy":"product_tag","embeddable":true,"href":"https:\/\/sarecocukgiyim.com.tr\/en\/wp-json\/wp\/v2\/product_tag?post=1407"}],"curies":[{"name":"wp","href":"https:\/\/api.w.org\/{rel}","templated":true}]}}