{"id":1506,"date":"2026-01-22T13:35:51","date_gmt":"2026-01-22T13:35:51","guid":{"rendered":"https:\/\/sare.nerioworks.com\/urun\/kiz-cocuk-kirmizi-pamuklu-organik-dantel-kol-vintage-dogum-gunu-parti-elbisesi\/"},"modified":"2026-01-22T13:36:18","modified_gmt":"2026-01-22T13:36:18","slug":"kiz-cocuk-kirmizi-pamuklu-organik-dantel-kol-vintage-dogum-gunu-parti-elbisesi","status":"publish","type":"product","link":"https:\/\/sarecocukgiyim.com.tr\/en\/product\/kiz-cocuk-kirmizi-pamuklu-organik-dantel-kol-vintage-dogum-gunu-parti-elbisesi\/","title":{"rendered":"K\u0131z \u00c7ocuk K\u0131rm\u0131z\u0131 Pamuklu Organik Dantel Kol Vintage Do\u011fum G\u00fcn\u00fc Parti Elbisesi"},"content":{"rendered":"","protected":false},"excerpt":{"rendered":"","protected":false},"featured_media":1508,"comment_status":"closed","ping_status":"open","template":"","meta":[],"product_brand":[53],"product_cat":[54],"product_tag":[],"class_list":{"0":"post-1506","1":"product","2":"type-product","3":"status-publish","4":"has-post-thumbnail","6":"product_brand-sare-cocuk-giyim","7":"product_cat-abiye-mezuniyet-elbisesi","8":"pa_beden-0-3-ay","9":"pa_beden-1-2-yas","10":"pa_beden-11-12-yas","11":"pa_beden-12-18-ay","12":"pa_beden-2-3-yas","13":"pa_beden-3-4-yas","14":"pa_beden-3-6-ay","15":"pa_beden-4-5-yas","16":"pa_beden-5-6-yas","17":"pa_beden-6-7-yas","18":"pa_beden-6-9-ay","19":"pa_beden-7-8-yas","20":"pa_beden-8-9-yas","21":"pa_beden-9-12-ay","22":"pa_beden-9-10-yas","24":"first","25":"instock","26":"sale","27":"purchasable","28":"product-type-variable"},"_links":{"self":[{"href":"https:\/\/sarecocukgiyim.com.tr\/en\/wp-json\/wp\/v2\/product\/1506","targetHints":{"allow":["GET"]}}],"collection":[{"href":"https:\/\/sarecocukgiyim.com.tr\/en\/wp-json\/wp\/v2\/product"}],"about":[{"href":"https:\/\/sarecocukgiyim.com.tr\/en\/wp-json\/wp\/v2\/types\/product"}],"replies":[{"embeddable":true,"href":"https:\/\/sarecocukgiyim.com.tr\/en\/wp-json\/wp\/v2\/comments?post=1506"}],"wp:featuredmedia":[{"embeddable":true,"href":"https:\/\/sarecocukgiyim.com.tr\/en\/wp-json\/wp\/v2\/media\/1508"}],"wp:attachment":[{"href":"https:\/\/sarecocukgiyim.com.tr\/en\/wp-json\/wp\/v2\/media?parent=1506"}],"wp:term":[{"taxonomy":"product_brand","embeddable":true,"href":"https:\/\/sarecocukgiyim.com.tr\/en\/wp-json\/wp\/v2\/product_brand?post=1506"},{"taxonomy":"product_cat","embeddable":true,"href":"https:\/\/sarecocukgiyim.com.tr\/en\/wp-json\/wp\/v2\/product_cat?post=1506"},{"taxonomy":"product_tag","embeddable":true,"href":"https:\/\/sarecocukgiyim.com.tr\/en\/wp-json\/wp\/v2\/product_tag?post=1506"}],"curies":[{"name":"wp","href":"https:\/\/api.w.org\/{rel}","templated":true}]}}