{"id":1645,"date":"2026-01-22T13:38:48","date_gmt":"2026-01-22T13:38:48","guid":{"rendered":"https:\/\/sare.nerioworks.com\/urun\/gri-fiyonk-detayli-kiz-cocuk-cikarilabilir-kollu-kabarik-tutu-dogum-gunu-konsept-abiye-elbise\/"},"modified":"2026-01-22T13:39:33","modified_gmt":"2026-01-22T13:39:33","slug":"gri-fiyonk-detayli-kiz-cocuk-cikarilabilir-kollu-kabarik-tutu-dogum-gunu-konsept-abiye-elbise","status":"publish","type":"product","link":"https:\/\/sarecocukgiyim.com.tr\/en\/product\/gri-fiyonk-detayli-kiz-cocuk-cikarilabilir-kollu-kabarik-tutu-dogum-gunu-konsept-abiye-elbise\/","title":{"rendered":"Gri Fiyonk Detayl\u0131 K\u0131z \u00c7ocuk \u00c7\u0131kar\u0131labilir Kollu Kabar\u0131k T\u00fct\u00fc Do\u011fum G\u00fcn\u00fc Konsept Abiye Elbise"},"content":{"rendered":"","protected":false},"excerpt":{"rendered":"","protected":false},"featured_media":1647,"comment_status":"closed","ping_status":"open","template":"","meta":[],"product_brand":[53],"product_cat":[54],"product_tag":[],"class_list":{"0":"post-1645","1":"product","2":"type-product","3":"status-publish","4":"has-post-thumbnail","6":"product_brand-sare-cocuk-giyim","7":"product_cat-abiye-mezuniyet-elbisesi","8":"pa_beden-1-2-yas","9":"pa_beden-11-12-yas","10":"pa_beden-2-3-yas","11":"pa_beden-3-4-yas","12":"pa_beden-4-5-yas","13":"pa_beden-5-6-yas","14":"pa_beden-6-7-yas","15":"pa_beden-7-8-yas","16":"pa_beden-9-10-yas","18":"first","19":"instock","20":"sale","21":"purchasable","22":"product-type-variable"},"_links":{"self":[{"href":"https:\/\/sarecocukgiyim.com.tr\/en\/wp-json\/wp\/v2\/product\/1645","targetHints":{"allow":["GET"]}}],"collection":[{"href":"https:\/\/sarecocukgiyim.com.tr\/en\/wp-json\/wp\/v2\/product"}],"about":[{"href":"https:\/\/sarecocukgiyim.com.tr\/en\/wp-json\/wp\/v2\/types\/product"}],"replies":[{"embeddable":true,"href":"https:\/\/sarecocukgiyim.com.tr\/en\/wp-json\/wp\/v2\/comments?post=1645"}],"wp:featuredmedia":[{"embeddable":true,"href":"https:\/\/sarecocukgiyim.com.tr\/en\/wp-json\/wp\/v2\/media\/1647"}],"wp:attachment":[{"href":"https:\/\/sarecocukgiyim.com.tr\/en\/wp-json\/wp\/v2\/media?parent=1645"}],"wp:term":[{"taxonomy":"product_brand","embeddable":true,"href":"https:\/\/sarecocukgiyim.com.tr\/en\/wp-json\/wp\/v2\/product_brand?post=1645"},{"taxonomy":"product_cat","embeddable":true,"href":"https:\/\/sarecocukgiyim.com.tr\/en\/wp-json\/wp\/v2\/product_cat?post=1645"},{"taxonomy":"product_tag","embeddable":true,"href":"https:\/\/sarecocukgiyim.com.tr\/en\/wp-json\/wp\/v2\/product_tag?post=1645"}],"curies":[{"name":"wp","href":"https:\/\/api.w.org\/{rel}","templated":true}]}}