{"id":1717,"date":"2026-01-22T13:39:36","date_gmt":"2026-01-22T13:39:36","guid":{"rendered":"https:\/\/sare.nerioworks.com\/urun\/pembe-gul-baskili-ozel-tasarim-gri-pamuk-kumas-cocuk-merasim-elbisesi\/"},"modified":"2026-01-22T13:41:51","modified_gmt":"2026-01-22T13:41:51","slug":"pembe-gul-baskili-ozel-tasarim-gri-pamuk-kumas-cocuk-merasim-elbisesi","status":"publish","type":"product","link":"https:\/\/sarecocukgiyim.com.tr\/en\/product\/pembe-gul-baskili-ozel-tasarim-gri-pamuk-kumas-cocuk-merasim-elbisesi\/","title":{"rendered":"Pembe G\u00fcl Bask\u0131l\u0131 \u00d6zel Tasar\u0131m Gri Pamuk Kuma\u015f \u00c7ocuk Merasim Elbisesi"},"content":{"rendered":"","protected":false},"excerpt":{"rendered":"","protected":false},"featured_media":1719,"comment_status":"closed","ping_status":"open","template":"","meta":[],"product_brand":[53],"product_cat":[65],"product_tag":[],"class_list":{"0":"post-1717","1":"product","2":"type-product","3":"status-publish","4":"has-post-thumbnail","6":"product_brand-sare-cocuk-giyim","7":"product_cat-elbise","8":"pa_beden-1-2-yas","9":"pa_beden-2-3-yas","10":"pa_beden-3-4-yas","11":"pa_beden-4-5-yas","12":"pa_beden-5-6-yas","13":"pa_beden-6-7-yas","14":"pa_beden-7-8-yas","15":"pa_beden-9-10-yas","17":"first","18":"instock","19":"sale","20":"purchasable","21":"product-type-variable"},"_links":{"self":[{"href":"https:\/\/sarecocukgiyim.com.tr\/en\/wp-json\/wp\/v2\/product\/1717","targetHints":{"allow":["GET"]}}],"collection":[{"href":"https:\/\/sarecocukgiyim.com.tr\/en\/wp-json\/wp\/v2\/product"}],"about":[{"href":"https:\/\/sarecocukgiyim.com.tr\/en\/wp-json\/wp\/v2\/types\/product"}],"replies":[{"embeddable":true,"href":"https:\/\/sarecocukgiyim.com.tr\/en\/wp-json\/wp\/v2\/comments?post=1717"}],"wp:featuredmedia":[{"embeddable":true,"href":"https:\/\/sarecocukgiyim.com.tr\/en\/wp-json\/wp\/v2\/media\/1719"}],"wp:attachment":[{"href":"https:\/\/sarecocukgiyim.com.tr\/en\/wp-json\/wp\/v2\/media?parent=1717"}],"wp:term":[{"taxonomy":"product_brand","embeddable":true,"href":"https:\/\/sarecocukgiyim.com.tr\/en\/wp-json\/wp\/v2\/product_brand?post=1717"},{"taxonomy":"product_cat","embeddable":true,"href":"https:\/\/sarecocukgiyim.com.tr\/en\/wp-json\/wp\/v2\/product_cat?post=1717"},{"taxonomy":"product_tag","embeddable":true,"href":"https:\/\/sarecocukgiyim.com.tr\/en\/wp-json\/wp\/v2\/product_tag?post=1717"}],"curies":[{"name":"wp","href":"https:\/\/api.w.org\/{rel}","templated":true}]}}