{"id":1825,"date":"2026-01-22T13:42:22","date_gmt":"2026-01-22T13:42:22","guid":{"rendered":"https:\/\/sare.nerioworks.com\/urun\/kiz-cocuk-kirik-beyaz-fiyonk-yaka-dogum-gunu-elbisesi-isiltili-vip-parti-abiye-elbise-toka\/"},"modified":"2026-01-22T13:44:00","modified_gmt":"2026-01-22T13:44:00","slug":"kiz-cocuk-kirik-beyaz-fiyonk-yaka-dogum-gunu-elbisesi-isiltili-vip-parti-abiye-elbise-toka","status":"publish","type":"product","link":"https:\/\/sarecocukgiyim.com.tr\/en\/product\/kiz-cocuk-kirik-beyaz-fiyonk-yaka-dogum-gunu-elbisesi-isiltili-vip-parti-abiye-elbise-toka\/","title":{"rendered":"K\u0131z \u00c7ocuk K\u0131r\u0131k Beyaz Fiyonk Yaka Do\u011fum G\u00fcn\u00fc Elbisesi, I\u015f\u0131lt\u0131l\u0131 VIP Parti Abiye Elbise + Toka"},"content":{"rendered":"<p>&#8211; Zarif tasar\u0131m\u0131yla dikkat \u00e7eken k\u0131z \u00e7ocuk elbisesi, \u00f6zel g\u00fcnlerde \u015f\u0131kl\u0131\u011f\u0131n\u0131z\u0131 tamamlar.; &#8211; Fermuarl\u0131 kapama mekanizmas\u0131 sayesinde kolayca giyilip \u00e7\u0131kar\u0131labilir ve g\u00fcvenli bir kullan\u0131m sunar.; &#8211; Cepsiz yap\u0131s\u0131 ile modern ve minimalist bir g\u00f6r\u00fcn\u00fcm sa\u011flar;.; &#8211; T\u00fcl dokumas\u0131, hafifli\u011fiyle rahatl\u0131k sunarken ayn\u0131 zamanda zarif bir parlakl\u0131k katmaktad\u0131r.; &#8211; Yaln\u0131zca kuru temizleme \u00f6nerisiyle bak\u0131m\u0131n\u0131n pratik ve zahmetsiz olmas\u0131n\u0131 sa\u011flar.; &#8212; Prom ve bridesmaid koleksiyonuna ait bu elbise,- Klo\u015f silueti sayesinde hareket \u00f6zg\u00fcrl\u00fc\u011f\u00fc sunarken feminen hatlar\u0131 \u00f6n plana \u00e7\u0131kart\u0131r.; &#8211; Kemersiz tasar\u0131m, basit ama etkili bir stil vurgusu yapman\u0131z i\u00e7in idealdir.; &#8211; \u0130ki par\u00e7adan olu\u015fan set i\u00e7eri\u011fiyle hem elbise hem de aksesuar ihtiyac\u0131n\u0131z\u0131 kar\u015f\u0131lar.; &#8211; Ta\u015f aksesuar detaylar\u0131yla g\u00f6z al\u0131c\u0131 bir \u0131\u015f\u0131lt\u0131ya sahip olursunuz; her ortamda fark edilmenizi sa\u011flar.; &#8211; S\u00fcrd\u00fcr\u00fclebilirlik ilkesine uygun olarak \u00fcretilmi\u015ftir; \u00e7evre dostu tercihlerden yana olan ebeveynler i\u00e7in uygundur.; &#8211; Fashion forward persona&#8217;s\u0131na hitap eden bu abiye elbise, modaya uygun se\u00e7imler yapmay\u0131 sevenler i\u00e7in m\u00fckemmeldir.; &#8211; T\u00fcm sezonlarda rahatl\u0131kla tercih edebilece\u011finiz bu \u00fcr\u00fcn, y\u0131l\u0131n her zaman\u0131nda \u015f\u0131kl\u0131\u011f\u0131n\u0131zdan \u00f6d\u00fcn vermezsiniz.; &#8211; Astarl\u0131 yap\u0131s\u0131 sayesinde konforlu bir deneyim ya\u015faman\u0131z i\u00e7in gerekli t\u00fcm detaylar d\u00fc\u015f\u00fcn\u00fclm\u00fc\u015ft\u00fcr.; &#8211; \u00c7ocuklar i\u00e7in \u00f6zel olarak tasarlanm\u0131\u015f bu elbise, minik prenseslerinize unutulmaz anlar ya\u015fatmak i\u00e7in idealdir.;<\/p>","protected":false},"excerpt":{"rendered":"<p>&#8211; Zarif tasar\u0131m\u0131yla dikkat \u00e7eken k\u0131z \u00e7ocuk elbisesi, \u00f6zel g\u00fcnlerde \u015f\u0131kl\u0131\u011f\u0131n\u0131z\u0131 tamamlar.; &#8211; Fermuarl\u0131 kapama mekanizmas\u0131 sayesinde kolayca giyilip \u00e7\u0131kar\u0131labilir<\/p>","protected":false},"featured_media":1827,"comment_status":"closed","ping_status":"open","template":"","meta":[],"product_brand":[53],"product_cat":[54],"product_tag":[],"class_list":{"0":"post-1825","1":"product","2":"type-product","3":"status-publish","4":"has-post-thumbnail","6":"product_brand-sare-cocuk-giyim","7":"product_cat-abiye-mezuniyet-elbisesi","8":"pa_beden-1-2-yas","9":"pa_beden-12-18-ay","10":"pa_beden-2-3-yas","11":"pa_beden-3-4-yas","12":"pa_beden-4-5-yas","13":"pa_beden-5-6-yas","14":"pa_beden-6-7-yas","15":"pa_beden-7-8-yas","16":"pa_beden-9-12-ay","18":"first","19":"instock","20":"sale","21":"purchasable","22":"product-type-variable"},"_links":{"self":[{"href":"https:\/\/sarecocukgiyim.com.tr\/en\/wp-json\/wp\/v2\/product\/1825","targetHints":{"allow":["GET"]}}],"collection":[{"href":"https:\/\/sarecocukgiyim.com.tr\/en\/wp-json\/wp\/v2\/product"}],"about":[{"href":"https:\/\/sarecocukgiyim.com.tr\/en\/wp-json\/wp\/v2\/types\/product"}],"replies":[{"embeddable":true,"href":"https:\/\/sarecocukgiyim.com.tr\/en\/wp-json\/wp\/v2\/comments?post=1825"}],"wp:featuredmedia":[{"embeddable":true,"href":"https:\/\/sarecocukgiyim.com.tr\/en\/wp-json\/wp\/v2\/media\/1827"}],"wp:attachment":[{"href":"https:\/\/sarecocukgiyim.com.tr\/en\/wp-json\/wp\/v2\/media?parent=1825"}],"wp:term":[{"taxonomy":"product_brand","embeddable":true,"href":"https:\/\/sarecocukgiyim.com.tr\/en\/wp-json\/wp\/v2\/product_brand?post=1825"},{"taxonomy":"product_cat","embeddable":true,"href":"https:\/\/sarecocukgiyim.com.tr\/en\/wp-json\/wp\/v2\/product_cat?post=1825"},{"taxonomy":"product_tag","embeddable":true,"href":"https:\/\/sarecocukgiyim.com.tr\/en\/wp-json\/wp\/v2\/product_tag?post=1825"}],"curies":[{"name":"wp","href":"https:\/\/api.w.org\/{rel}","templated":true}]}}