{"id":1864,"date":"2026-01-22T13:43:13","date_gmt":"2026-01-22T13:43:13","guid":{"rendered":"https:\/\/sare.nerioworks.com\/urun\/kiz-cocuk-sari-cicekli-omzu-kabarik-prenses-ozel-tasarim-elbisesi%100-pamuk-toka\/"},"modified":"2026-01-22T13:44:29","modified_gmt":"2026-01-22T13:44:29","slug":"kiz-cocuk-sari-cicekli-omzu-kabarik-prenses-ozel-tasarim-elbisesi%100-pamuk-toka","status":"publish","type":"product","link":"https:\/\/sarecocukgiyim.com.tr\/en\/product\/kiz-cocuk-sari-cicekli-omzu-kabarik-prenses-ozel-tasarim-elbisesi%100-pamuk-toka\/","title":{"rendered":"K\u0131z \u00c7ocuk Sar\u0131 \u00c7i\u00e7ekli Omzu Kabar\u0131k Prenses \u00d6zel Tasar\u0131m Elbisesi(%100 pamuk) +  Toka"},"content":{"rendered":"","protected":false},"excerpt":{"rendered":"","protected":false},"featured_media":1866,"comment_status":"closed","ping_status":"open","template":"","meta":[],"product_brand":[53],"product_cat":[65],"product_tag":[],"class_list":{"0":"post-1864","1":"product","2":"type-product","3":"status-publish","4":"has-post-thumbnail","6":"product_brand-sare-cocuk-giyim","7":"product_cat-elbise","8":"pa_beden-0-3-ay","9":"pa_beden-1-2-yas","10":"pa_beden-12-18-ay","11":"pa_beden-2-3-yas","12":"pa_beden-3-4-yas","13":"pa_beden-3-6-ay","14":"pa_beden-4-5-yas","15":"pa_beden-5-6-yas","16":"pa_beden-6-7-yas","17":"pa_beden-6-9-ay","18":"pa_beden-7-8-yas","19":"pa_beden-9-12-ay","20":"pa_beden-9-10-yas","22":"first","23":"instock","24":"sale","25":"purchasable","26":"product-type-variable"},"_links":{"self":[{"href":"https:\/\/sarecocukgiyim.com.tr\/en\/wp-json\/wp\/v2\/product\/1864","targetHints":{"allow":["GET"]}}],"collection":[{"href":"https:\/\/sarecocukgiyim.com.tr\/en\/wp-json\/wp\/v2\/product"}],"about":[{"href":"https:\/\/sarecocukgiyim.com.tr\/en\/wp-json\/wp\/v2\/types\/product"}],"replies":[{"embeddable":true,"href":"https:\/\/sarecocukgiyim.com.tr\/en\/wp-json\/wp\/v2\/comments?post=1864"}],"wp:featuredmedia":[{"embeddable":true,"href":"https:\/\/sarecocukgiyim.com.tr\/en\/wp-json\/wp\/v2\/media\/1866"}],"wp:attachment":[{"href":"https:\/\/sarecocukgiyim.com.tr\/en\/wp-json\/wp\/v2\/media?parent=1864"}],"wp:term":[{"taxonomy":"product_brand","embeddable":true,"href":"https:\/\/sarecocukgiyim.com.tr\/en\/wp-json\/wp\/v2\/product_brand?post=1864"},{"taxonomy":"product_cat","embeddable":true,"href":"https:\/\/sarecocukgiyim.com.tr\/en\/wp-json\/wp\/v2\/product_cat?post=1864"},{"taxonomy":"product_tag","embeddable":true,"href":"https:\/\/sarecocukgiyim.com.tr\/en\/wp-json\/wp\/v2\/product_tag?post=1864"}],"curies":[{"name":"wp","href":"https:\/\/api.w.org\/{rel}","templated":true}]}}