{"id":1907,"date":"2026-01-22T13:44:32","date_gmt":"2026-01-22T13:44:32","guid":{"rendered":"https:\/\/sare.nerioworks.com\/urun\/kiz-cocuk-pudra-pembe-sivama-boncuk-tul-dogum-gunu-parti-elbisesi-bebek-dugun-abiyesi-toka\/"},"modified":"2026-01-22T13:45:33","modified_gmt":"2026-01-22T13:45:33","slug":"kiz-cocuk-pudra-pembe-sivama-boncuk-tul-dogum-gunu-parti-elbisesi-bebek-dugun-abiyesi-toka","status":"publish","type":"product","link":"https:\/\/sarecocukgiyim.com.tr\/en\/product\/kiz-cocuk-pudra-pembe-sivama-boncuk-tul-dogum-gunu-parti-elbisesi-bebek-dugun-abiyesi-toka\/","title":{"rendered":"K\u0131z \u00c7ocuk Pudra Pembe S\u0131vama Boncuk T\u00fcl Do\u011fum G\u00fcn\u00fc Parti Elbisesi, Bebek D\u00fc\u011f\u00fcn Abiyesi + Toka"},"content":{"rendered":"","protected":false},"excerpt":{"rendered":"","protected":false},"featured_media":1909,"comment_status":"closed","ping_status":"open","template":"","meta":[],"product_brand":[53],"product_cat":[54],"product_tag":[],"class_list":{"0":"post-1907","1":"product","2":"type-product","3":"status-publish","4":"has-post-thumbnail","6":"product_brand-sare-cocuk-giyim","7":"product_cat-abiye-mezuniyet-elbisesi","8":"pa_beden-1-2-yas","9":"pa_beden-2-3-yas","10":"pa_beden-3-4-yas","11":"pa_beden-4-5-yas","12":"pa_beden-5-6-yas","13":"pa_beden-6-7-yas","14":"pa_beden-7-8-yas","15":"pa_beden-9-10-yas","17":"first","18":"instock","19":"sale","20":"purchasable","21":"product-type-variable"},"_links":{"self":[{"href":"https:\/\/sarecocukgiyim.com.tr\/en\/wp-json\/wp\/v2\/product\/1907","targetHints":{"allow":["GET"]}}],"collection":[{"href":"https:\/\/sarecocukgiyim.com.tr\/en\/wp-json\/wp\/v2\/product"}],"about":[{"href":"https:\/\/sarecocukgiyim.com.tr\/en\/wp-json\/wp\/v2\/types\/product"}],"replies":[{"embeddable":true,"href":"https:\/\/sarecocukgiyim.com.tr\/en\/wp-json\/wp\/v2\/comments?post=1907"}],"wp:featuredmedia":[{"embeddable":true,"href":"https:\/\/sarecocukgiyim.com.tr\/en\/wp-json\/wp\/v2\/media\/1909"}],"wp:attachment":[{"href":"https:\/\/sarecocukgiyim.com.tr\/en\/wp-json\/wp\/v2\/media?parent=1907"}],"wp:term":[{"taxonomy":"product_brand","embeddable":true,"href":"https:\/\/sarecocukgiyim.com.tr\/en\/wp-json\/wp\/v2\/product_brand?post=1907"},{"taxonomy":"product_cat","embeddable":true,"href":"https:\/\/sarecocukgiyim.com.tr\/en\/wp-json\/wp\/v2\/product_cat?post=1907"},{"taxonomy":"product_tag","embeddable":true,"href":"https:\/\/sarecocukgiyim.com.tr\/en\/wp-json\/wp\/v2\/product_tag?post=1907"}],"curies":[{"name":"wp","href":"https:\/\/api.w.org\/{rel}","templated":true}]}}