{"id":2265,"date":"2026-01-22T13:51:32","date_gmt":"2026-01-22T13:51:32","guid":{"rendered":"https:\/\/sare.nerioworks.com\/urun\/vintage-konsept-antialerjik-pamuk-kumas-krem-gupurlu-kirmizi-dogum-gunu-elbisesi\/"},"modified":"2026-01-22T13:53:04","modified_gmt":"2026-01-22T13:53:04","slug":"vintage-konsept-antialerjik-pamuk-kumas-krem-gupurlu-kirmizi-dogum-gunu-elbisesi","status":"publish","type":"product","link":"https:\/\/sarecocukgiyim.com.tr\/en\/product\/vintage-konsept-antialerjik-pamuk-kumas-krem-gupurlu-kirmizi-dogum-gunu-elbisesi\/","title":{"rendered":"Vintage Konsept Antialerjik Pamuk Kuma\u015f Krem G\u00fcp\u00fcrl\u00fc K\u0131rm\u0131z\u0131 Do\u011fum G\u00fcn\u00fc Elbisesi"},"content":{"rendered":"<p>K\u0131z Bebek Ve \u00c7ocuklar i\u00e7in \u00d6zelolarak tasarlad\u0131\u011f\u0131m\u0131z Natural dantel detayl\u0131 Beyaz elbisemiz 0 &#8211; 10 yas aras\u0131bedenlerden olu\u015fmaktad\u0131r. ; Elbisemiz %100 Do\u011fal PamukluAnti-alerjik ve Anti-kanserojen Pamuklu kuma\u015fla \u00f6zenle dikilmi\u015ftir. ; Elbisemizin en i\u00e7 k\u0131sm\u0131nda %100Pamuklu \u0130\u00e7 G\u00f6stermeyen Astar kuma\u015f\u0131 bulunmaktad\u0131r. ; Etek k\u0131sm\u0131nda 5 kat kristal t\u00fclkullan\u0131lm\u0131\u015f olup kabar\u0131kl\u0131k sa\u011flamak i\u00e7in alt t\u00fcllerinin havaland\u0131r\u0131lmas\u0131yeterli olacakt\u0131r. ; Elbisemizin arkas\u0131nda fermuarkapamas\u0131 bulunmaktad\u0131r. ; \u00d6zenle i\u015flenen g\u00fcp\u00fcr detaylar\u0131ylavintage konseptine uygun tasarlad\u0131\u011f\u0131m\u0131z elbisemiz tam kal\u0131pt\u0131r bu sebeplegiyilen bedenin tercih edilmesi tavsiyemizdir. ; Prenseslerimizin ya\u015flar\u0131na uyguntam kal\u0131p olarak tasarlanan elbisemiz 2&#8217;li paket halinde Toka&#8217;s\u0131yla beraber sizde\u011ferli m\u00fc\u015fterilerimize \u00f6zenle haz\u0131rlad\u0131\u011f\u0131m\u0131z paketlerle Sare \u00c7ocuk Giyimg\u00fcvencesiyle kargolanacakt\u0131r. ; Do\u011fum g\u00fcn\u00fc, Davet, D\u00fc\u011f\u00fcn, S\u00fcnnet veBebek Mevl\u00fctlerinde \u00c7ok \u015f\u0131k olarak kullanabilece\u011finiz bu harika tasar\u0131melbisemizle \u00f6zel g\u00fcnleriniz daha da \u00f6zel ge\u00e7sin. ;<\/p>","protected":false},"excerpt":{"rendered":"<p>K\u0131z Bebek Ve \u00c7ocuklar i\u00e7in \u00d6zelolarak tasarlad\u0131\u011f\u0131m\u0131z Natural dantel detayl\u0131 Beyaz elbisemiz 0 &#8211; 10 yas aras\u0131bedenlerden olu\u015fmaktad\u0131r. ; Elbisemiz<\/p>","protected":false},"featured_media":2267,"comment_status":"closed","ping_status":"open","template":"","meta":[],"product_brand":[53],"product_cat":[65],"product_tag":[],"class_list":{"0":"post-2265","1":"product","2":"type-product","3":"status-publish","4":"has-post-thumbnail","6":"product_brand-sare-cocuk-giyim","7":"product_cat-elbise","8":"pa_beden-0-3-ay","9":"pa_beden-1-yas","10":"pa_beden-10-yas","11":"pa_beden-2-4-yas","12":"pa_beden-3-yas","13":"pa_beden-3-6-ay","14":"pa_beden-4-yas","15":"pa_beden-5-yas","16":"pa_beden-6-yas","17":"pa_beden-6-9-ay","18":"pa_beden-7-yas","19":"pa_beden-8-yas","20":"pa_beden-9-12-ay","21":"pa_beden-9-yas","23":"first","24":"instock","25":"sale","26":"purchasable","27":"product-type-variable"},"_links":{"self":[{"href":"https:\/\/sarecocukgiyim.com.tr\/en\/wp-json\/wp\/v2\/product\/2265","targetHints":{"allow":["GET"]}}],"collection":[{"href":"https:\/\/sarecocukgiyim.com.tr\/en\/wp-json\/wp\/v2\/product"}],"about":[{"href":"https:\/\/sarecocukgiyim.com.tr\/en\/wp-json\/wp\/v2\/types\/product"}],"replies":[{"embeddable":true,"href":"https:\/\/sarecocukgiyim.com.tr\/en\/wp-json\/wp\/v2\/comments?post=2265"}],"wp:featuredmedia":[{"embeddable":true,"href":"https:\/\/sarecocukgiyim.com.tr\/en\/wp-json\/wp\/v2\/media\/2267"}],"wp:attachment":[{"href":"https:\/\/sarecocukgiyim.com.tr\/en\/wp-json\/wp\/v2\/media?parent=2265"}],"wp:term":[{"taxonomy":"product_brand","embeddable":true,"href":"https:\/\/sarecocukgiyim.com.tr\/en\/wp-json\/wp\/v2\/product_brand?post=2265"},{"taxonomy":"product_cat","embeddable":true,"href":"https:\/\/sarecocukgiyim.com.tr\/en\/wp-json\/wp\/v2\/product_cat?post=2265"},{"taxonomy":"product_tag","embeddable":true,"href":"https:\/\/sarecocukgiyim.com.tr\/en\/wp-json\/wp\/v2\/product_tag?post=2265"}],"curies":[{"name":"wp","href":"https:\/\/api.w.org\/{rel}","templated":true}]}}