{"id":2517,"date":"2026-01-22T13:56:40","date_gmt":"2026-01-22T13:56:40","guid":{"rendered":"https:\/\/sare.nerioworks.com\/urun\/prenses-kabarik-kiz-cocuk-beyaz-gelinlik-abiye-elbise\/"},"modified":"2026-01-22T13:58:00","modified_gmt":"2026-01-22T13:58:00","slug":"prenses-kabarik-kiz-cocuk-beyaz-gelinlik-abiye-elbise","status":"publish","type":"product","link":"https:\/\/sarecocukgiyim.com.tr\/en\/product\/prenses-kabarik-kiz-cocuk-beyaz-gelinlik-abiye-elbise\/","title":{"rendered":"Prenses Kabar\u0131k K\u0131z \u00c7ocuk Beyaz Gelinlik Abiye Elbise"},"content":{"rendered":"<p>Etek alt\u0131na \u00e7ok katl\u0131 kabartma t\u00fcller ile kabar\u0131kl\u0131k verildi. ; Elbiseye toka dahildir. ; Ta\u015fl\u0131 ve \u00f6zel \u00fcretim t\u00fcl kullan\u0131lm\u0131\u015ft\u0131r. ; Ta\u015f detaylar\u0131 nedeniyle hassas kullan\u0131m gerektirir. ; \u0130\u00e7 k\u0131sm\u0131nda pamuklu astar kullan\u0131lm\u0131\u015ft\u0131r. ; Etek u\u00e7lar\u0131 gren detaylar\u0131 ile daha kabar\u0131k olmas\u0131 sa\u011flanm\u0131\u015ft\u0131r. ; Kollar balon kol detayl\u0131d\u0131r. ;<\/p>","protected":false},"excerpt":{"rendered":"<p>Etek alt\u0131na \u00e7ok katl\u0131 kabartma t\u00fcller ile kabar\u0131kl\u0131k verildi. ; Elbiseye toka dahildir. ; Ta\u015fl\u0131 ve \u00f6zel \u00fcretim t\u00fcl kullan\u0131lm\u0131\u015ft\u0131r.<\/p>","protected":false},"featured_media":2519,"comment_status":"closed","ping_status":"open","template":"","meta":[],"product_brand":[53],"product_cat":[54],"product_tag":[],"class_list":{"0":"post-2517","1":"product","2":"type-product","3":"status-publish","4":"has-post-thumbnail","6":"product_brand-sare-cocuk-giyim","7":"product_cat-abiye-mezuniyet-elbisesi","8":"pa_beden-2-4-yas","9":"pa_beden-3-yas","10":"pa_beden-4-yas","12":"first","13":"instock","14":"sale","15":"purchasable","16":"product-type-variable"},"_links":{"self":[{"href":"https:\/\/sarecocukgiyim.com.tr\/en\/wp-json\/wp\/v2\/product\/2517","targetHints":{"allow":["GET"]}}],"collection":[{"href":"https:\/\/sarecocukgiyim.com.tr\/en\/wp-json\/wp\/v2\/product"}],"about":[{"href":"https:\/\/sarecocukgiyim.com.tr\/en\/wp-json\/wp\/v2\/types\/product"}],"replies":[{"embeddable":true,"href":"https:\/\/sarecocukgiyim.com.tr\/en\/wp-json\/wp\/v2\/comments?post=2517"}],"wp:featuredmedia":[{"embeddable":true,"href":"https:\/\/sarecocukgiyim.com.tr\/en\/wp-json\/wp\/v2\/media\/2519"}],"wp:attachment":[{"href":"https:\/\/sarecocukgiyim.com.tr\/en\/wp-json\/wp\/v2\/media?parent=2517"}],"wp:term":[{"taxonomy":"product_brand","embeddable":true,"href":"https:\/\/sarecocukgiyim.com.tr\/en\/wp-json\/wp\/v2\/product_brand?post=2517"},{"taxonomy":"product_cat","embeddable":true,"href":"https:\/\/sarecocukgiyim.com.tr\/en\/wp-json\/wp\/v2\/product_cat?post=2517"},{"taxonomy":"product_tag","embeddable":true,"href":"https:\/\/sarecocukgiyim.com.tr\/en\/wp-json\/wp\/v2\/product_tag?post=2517"}],"curies":[{"name":"wp","href":"https:\/\/api.w.org\/{rel}","templated":true}]}}