{"id":2564,"date":"2026-01-22T13:58:03","date_gmt":"2026-01-22T13:58:03","guid":{"rendered":"https:\/\/sare.nerioworks.com\/urun\/unicorn-kiz-cocuk-cicekli-abiye-elbise-tac\/"},"modified":"2026-02-12T12:00:27","modified_gmt":"2026-02-12T12:00:27","slug":"unicorn-kiz-cocuk-cicekli-abiye-elbise-tac","status":"publish","type":"product","link":"https:\/\/sarecocukgiyim.com.tr\/en\/product\/unicorn-kiz-cocuk-cicekli-abiye-elbise-tac\/","title":{"rendered":"Unicorn K\u0131z \u00c7ocuk \u00c7i\u00e7ekli Abiye Elbise + Ta\u00e7"},"content":{"rendered":"<p>K\u0131z \u00e7ocuk \u00c7i\u00e7ek Nak\u0131\u015fl\u0131 unicorn \u00e7\u0131cek detayl\u0131 t\u00fct\u00fc abiye elbise. ta\u00e7 dahildir. Detayl\u0131 beden \u00f6l\u00e7\u00fcs\u00fc i\u00e7in l\u00fctfen sat\u0131c\u0131ya sor k\u0131sm\u0131ndan bizimle ileti\u015fime ge\u00e7iniz. ; Fermuar kapama, ; Ta\u00e7 dahil ; Tercihen kuru temizleme yap\u0131n\u0131z. Elde y\u0131kama da soguk suda y\u0131kay\u0131n\u0131z. ; Etek alt\u0131 4 kat kabartma t\u00fcller ile kabar\u0131kl\u0131k verilmi\u015ftir, ; I\u00e7 k\u0131sm\u0131 ayr\u0131ca pamuklu astardan olu\u015fmaktad\u0131r, ; \u00dcr\u00fcn\u00fcn kabar\u0131k kalmas\u0131 i\u00e7in giyildikten sonra etek t\u00fcllerinin havaland\u0131r\u0131l\u0131p kabart\u0131lmas\u0131 gerekmektedir. ; prenses, \u00e7i\u00e7ekli, k\u0131z \u00e7ocuk, elbise, abiye, do\u011fum g\u00fcn\u00fc, kost\u00fcm, parti, kabar\u0131k, \u00e7ocuk elbise, \u00e7ocuk abiye, \u00c7i\u00e7ekli, Nak\u0131\u015fl\u0131, gri, k\u0131z \u00e7ocuk abiye elbise, unicorn, \u00e7i\u00e7ekl unicorn, unicorn ta\u00e7, ;<\/p>","protected":false},"excerpt":{"rendered":"<p>K\u0131z \u00e7ocuk \u00c7i\u00e7ek Nak\u0131\u015fl\u0131 unicorn \u00e7\u0131cek detayl\u0131 t\u00fct\u00fc abiye elbise. ta\u00e7 dahildir. Detayl\u0131 beden \u00f6l\u00e7\u00fcs\u00fc i\u00e7in l\u00fctfen sat\u0131c\u0131ya sor k\u0131sm\u0131ndan<\/p>","protected":false},"featured_media":2566,"comment_status":"closed","ping_status":"open","template":"","meta":[],"product_brand":[53],"product_cat":[54],"product_tag":[],"class_list":{"0":"post-2564","1":"product","2":"type-product","3":"status-publish","4":"has-post-thumbnail","6":"product_brand-sare-cocuk-giyim","7":"product_cat-abiye-mezuniyet-elbisesi","8":"pa_beden-4-yas","9":"pa_beden-5-yas","11":"first","12":"instock","13":"sale","14":"purchasable","15":"product-type-variable"},"_links":{"self":[{"href":"https:\/\/sarecocukgiyim.com.tr\/en\/wp-json\/wp\/v2\/product\/2564","targetHints":{"allow":["GET"]}}],"collection":[{"href":"https:\/\/sarecocukgiyim.com.tr\/en\/wp-json\/wp\/v2\/product"}],"about":[{"href":"https:\/\/sarecocukgiyim.com.tr\/en\/wp-json\/wp\/v2\/types\/product"}],"replies":[{"embeddable":true,"href":"https:\/\/sarecocukgiyim.com.tr\/en\/wp-json\/wp\/v2\/comments?post=2564"}],"wp:featuredmedia":[{"embeddable":true,"href":"https:\/\/sarecocukgiyim.com.tr\/en\/wp-json\/wp\/v2\/media\/2566"}],"wp:attachment":[{"href":"https:\/\/sarecocukgiyim.com.tr\/en\/wp-json\/wp\/v2\/media?parent=2564"}],"wp:term":[{"taxonomy":"product_brand","embeddable":true,"href":"https:\/\/sarecocukgiyim.com.tr\/en\/wp-json\/wp\/v2\/product_brand?post=2564"},{"taxonomy":"product_cat","embeddable":true,"href":"https:\/\/sarecocukgiyim.com.tr\/en\/wp-json\/wp\/v2\/product_cat?post=2564"},{"taxonomy":"product_tag","embeddable":true,"href":"https:\/\/sarecocukgiyim.com.tr\/en\/wp-json\/wp\/v2\/product_tag?post=2564"}],"curies":[{"name":"wp","href":"https:\/\/api.w.org\/{rel}","templated":true}]}}