{"id":2755,"date":"2026-01-22T14:04:04","date_gmt":"2026-01-22T14:04:04","guid":{"rendered":"https:\/\/sare.nerioworks.com\/urun\/sari-lol-bebek-baskili-etegi-firfirli-uzun-kol-toka-dahil-kiz-cocuk-dogum-gunu-ozel-gun-elbisesi\/"},"modified":"2026-02-12T12:00:27","modified_gmt":"2026-02-12T12:00:27","slug":"sari-lol-bebek-baskili-etegi-firfirli-uzun-kol-toka-dahil-kiz-cocuk-dogum-gunu-ozel-gun-elbisesi","status":"publish","type":"product","link":"https:\/\/sarecocukgiyim.com.tr\/en\/product\/sari-lol-bebek-baskili-etegi-firfirli-uzun-kol-toka-dahil-kiz-cocuk-dogum-gunu-ozel-gun-elbisesi\/","title":{"rendered":"Sar\u0131 Lol Bebek Bask\u0131l\u0131 Ete\u011fi F\u0131rf\u0131rl\u0131 Uzun Kol Toka Dahil K\u0131z \u00c7ocuk Do\u011fum G\u00fcn\u00fc \u00d6zel G\u00fcn Elbisesi"},"content":{"rendered":"<p>Midi boy kesimi ile hem \u015f\u0131k hem de rahat bir kullan\u0131m sunar, hareket \u00f6zg\u00fcrl\u00fc\u011f\u00fc sa\u011flar; Ete\u011fi f\u0131rf\u0131rl\u0131 tasar\u0131m\u0131 ile g\u00f6z al\u0131c\u0131 bir g\u00f6r\u00fcn\u00fcm kazand\u0131r\u0131r ve k\u0131z \u00e7ocuklar\u0131n\u0131n \u00f6zel g\u00fcnlerinde dikkat \u00e7ekmelerini sa\u011flar; Parti ortamlar\u0131 i\u00e7in idealdir; canl\u0131 renkleri ve \u015f\u0131k tasar\u0131m\u0131yla kutlamalar\u0131n vazge\u00e7ilmez par\u00e7as\u0131 olur; \u00d6zel koleksiyonun par\u00e7as\u0131 olarak tasarlanm\u0131\u015ft\u0131r; benzersiz ve \u00f6zg\u00fcn bir stil sunar; Astarl\u0131 yap\u0131s\u0131 sayesinde rahatl\u0131k ve konforu bir arada sunarken, \u00fcr\u00fcn\u00fcn formunu korur; Tokal\u0131 detaylar\u0131 ile zarif bir dokunu\u015f ekler ve elbisenin genel esteti\u011fini art\u0131r\u0131r; \u00c7ocuklar i\u00e7in \u00f6zel olarak tasarlanm\u0131\u015ft\u0131r; ya\u015f grubuna uygun olarak ergonomik ve g\u00fcvenli bir kullan\u0131m sunar; Pamuklu materyali cildi tahri\u015f etmeden yumu\u015fak bir dokunu\u015f sa\u011flar ve g\u00fcn boyu rahatl\u0131k sunar; Uzun kollu yap\u0131s\u0131yla mevsim ge\u00e7i\u015flerinde de idealdir; serin havalarda ekstra koruma sa\u011flar; Bask\u0131l\u0131 deseniyle canl\u0131 renkler ve sevim;<\/p>","protected":false},"excerpt":{"rendered":"<p>Midi boy kesimi ile hem \u015f\u0131k hem de rahat bir kullan\u0131m sunar, hareket \u00f6zg\u00fcrl\u00fc\u011f\u00fc sa\u011flar; Ete\u011fi f\u0131rf\u0131rl\u0131 tasar\u0131m\u0131 ile g\u00f6z<\/p>","protected":false},"featured_media":2757,"comment_status":"closed","ping_status":"open","template":"","meta":[],"product_brand":[53],"product_cat":[54],"product_tag":[],"class_list":{"0":"post-2755","1":"product","2":"type-product","3":"status-publish","4":"has-post-thumbnail","6":"product_brand-sare-cocuk-giyim","7":"product_cat-abiye-mezuniyet-elbisesi","8":"pa_beden-3-4-yas","10":"first","11":"instock","12":"sale","13":"purchasable","14":"product-type-simple"},"_links":{"self":[{"href":"https:\/\/sarecocukgiyim.com.tr\/en\/wp-json\/wp\/v2\/product\/2755","targetHints":{"allow":["GET"]}}],"collection":[{"href":"https:\/\/sarecocukgiyim.com.tr\/en\/wp-json\/wp\/v2\/product"}],"about":[{"href":"https:\/\/sarecocukgiyim.com.tr\/en\/wp-json\/wp\/v2\/types\/product"}],"replies":[{"embeddable":true,"href":"https:\/\/sarecocukgiyim.com.tr\/en\/wp-json\/wp\/v2\/comments?post=2755"}],"wp:featuredmedia":[{"embeddable":true,"href":"https:\/\/sarecocukgiyim.com.tr\/en\/wp-json\/wp\/v2\/media\/2757"}],"wp:attachment":[{"href":"https:\/\/sarecocukgiyim.com.tr\/en\/wp-json\/wp\/v2\/media?parent=2755"}],"wp:term":[{"taxonomy":"product_brand","embeddable":true,"href":"https:\/\/sarecocukgiyim.com.tr\/en\/wp-json\/wp\/v2\/product_brand?post=2755"},{"taxonomy":"product_cat","embeddable":true,"href":"https:\/\/sarecocukgiyim.com.tr\/en\/wp-json\/wp\/v2\/product_cat?post=2755"},{"taxonomy":"product_tag","embeddable":true,"href":"https:\/\/sarecocukgiyim.com.tr\/en\/wp-json\/wp\/v2\/product_tag?post=2755"}],"curies":[{"name":"wp","href":"https:\/\/api.w.org\/{rel}","templated":true}]}}