{"id":2761,"date":"2026-01-22T14:04:04","date_gmt":"2026-01-22T14:04:04","guid":{"rendered":"https:\/\/sare.nerioworks.com\/urun\/unicorn-toka-dahil-kat-kat-tul-detayli-ozel-tasarim-abiye-kiz-cocuk-kisa-kol-dogum-gunu-elbisesi\/"},"modified":"2026-01-22T14:05:04","modified_gmt":"2026-01-22T14:05:04","slug":"unicorn-toka-dahil-kat-kat-tul-detayli-ozel-tasarim-abiye-kiz-cocuk-kisa-kol-dogum-gunu-elbisesi","status":"publish","type":"product","link":"https:\/\/sarecocukgiyim.com.tr\/en\/product\/unicorn-toka-dahil-kat-kat-tul-detayli-ozel-tasarim-abiye-kiz-cocuk-kisa-kol-dogum-gunu-elbisesi\/","title":{"rendered":"Unicorn Toka Dahil Kat Kat T\u00fcl Detayl\u0131 \u00d6zel Tasar\u0131m Abiye K\u0131z \u00c7ocuk K\u0131sa Kol Do\u011fum G\u00fcn\u00fc Elbisesi"},"content":{"rendered":"<p>\u00c7ocuklar i\u00e7in \u00f6zel olarak tasarlanm\u0131\u015f, parti ortamlar\u0131nda g\u00f6z al\u0131c\u0131 bir g\u00f6r\u00fcn\u00fcm sunan abiye elbise; K\u0131sa kollu tasar\u0131m\u0131 ile rahat hareket etme \u00f6zg\u00fcrl\u00fc\u011f\u00fc sa\u011flar ve s\u0131cak havalarda serinlik hissi verir; Orta kal\u0131nl\u0131ktaki kuma\u015f\u0131, mevsim ge\u00e7i\u015flerinde ideal bir kullan\u0131m sunar; Astarl\u0131 yap\u0131s\u0131 sayesinde konforlu bir giyim deneyimi sa\u011flar ve rahatl\u0131kla hareket etme imkan\u0131 tan\u0131r; Uzun boyu ile \u015f\u0131k ve zarif bir siluet olu\u015ftururken, t\u00fcl detaylar\u0131 elbiseye hafif ve feminen bir dokunu\u015f katar; Tokal\u0131 detaylar\u0131 ile hem \u015f\u0131kl\u0131\u011f\u0131 hem de pratikli\u011fi bir arada sunarak, kolayca tak\u0131l\u0131p \u00e7\u0131kar\u0131labilir; T\u00fcl dokuma tipi sayesinde hafif ve zarif bir g\u00f6r\u00fcn\u00fcm elde edilirken, \u00f6zel tasar\u0131m koleksiyonunun par\u00e7as\u0131 olarak \u00f6ne \u00e7\u0131kar;<\/p>","protected":false},"excerpt":{"rendered":"<p>\u00c7ocuklar i\u00e7in \u00f6zel olarak tasarlanm\u0131\u015f, parti ortamlar\u0131nda g\u00f6z al\u0131c\u0131 bir g\u00f6r\u00fcn\u00fcm sunan abiye elbise; K\u0131sa kollu tasar\u0131m\u0131 ile rahat hareket<\/p>","protected":false},"featured_media":2763,"comment_status":"closed","ping_status":"open","template":"","meta":[],"product_brand":[53],"product_cat":[65],"product_tag":[],"class_list":{"0":"post-2761","1":"product","2":"type-product","3":"status-publish","4":"has-post-thumbnail","6":"product_brand-sare-cocuk-giyim","7":"product_cat-elbise","8":"pa_beden-3-4-yas","9":"pa_beden-4-5-yas","10":"pa_beden-5-6-yas","11":"pa_beden-6-7-yas","13":"first","14":"instock","15":"sale","16":"purchasable","17":"product-type-variable"},"_links":{"self":[{"href":"https:\/\/sarecocukgiyim.com.tr\/en\/wp-json\/wp\/v2\/product\/2761","targetHints":{"allow":["GET"]}}],"collection":[{"href":"https:\/\/sarecocukgiyim.com.tr\/en\/wp-json\/wp\/v2\/product"}],"about":[{"href":"https:\/\/sarecocukgiyim.com.tr\/en\/wp-json\/wp\/v2\/types\/product"}],"replies":[{"embeddable":true,"href":"https:\/\/sarecocukgiyim.com.tr\/en\/wp-json\/wp\/v2\/comments?post=2761"}],"wp:featuredmedia":[{"embeddable":true,"href":"https:\/\/sarecocukgiyim.com.tr\/en\/wp-json\/wp\/v2\/media\/2763"}],"wp:attachment":[{"href":"https:\/\/sarecocukgiyim.com.tr\/en\/wp-json\/wp\/v2\/media?parent=2761"}],"wp:term":[{"taxonomy":"product_brand","embeddable":true,"href":"https:\/\/sarecocukgiyim.com.tr\/en\/wp-json\/wp\/v2\/product_brand?post=2761"},{"taxonomy":"product_cat","embeddable":true,"href":"https:\/\/sarecocukgiyim.com.tr\/en\/wp-json\/wp\/v2\/product_cat?post=2761"},{"taxonomy":"product_tag","embeddable":true,"href":"https:\/\/sarecocukgiyim.com.tr\/en\/wp-json\/wp\/v2\/product_tag?post=2761"}],"curies":[{"name":"wp","href":"https:\/\/api.w.org\/{rel}","templated":true}]}}