{"id":2770,"date":"2026-01-22T14:04:04","date_gmt":"2026-01-22T14:04:04","guid":{"rendered":"https:\/\/sare.nerioworks.com\/urun\/lila-karakter-baskili-etegi-firfirli-uzun-kol-toka-dahil-kiz-cocuk-dogum-gunu-ozel-gun-elbisesi\/"},"modified":"2026-02-12T12:00:27","modified_gmt":"2026-02-12T12:00:27","slug":"lila-karakter-baskili-etegi-firfirli-uzun-kol-toka-dahil-kiz-cocuk-dogum-gunu-ozel-gun-elbisesi","status":"publish","type":"product","link":"https:\/\/sarecocukgiyim.com.tr\/en\/product\/lila-karakter-baskili-etegi-firfirli-uzun-kol-toka-dahil-kiz-cocuk-dogum-gunu-ozel-gun-elbisesi\/","title":{"rendered":"Lila Karakter Bask\u0131l\u0131 Ete\u011fi F\u0131rf\u0131rl\u0131 Uzun Kol Toka Dahil K\u0131z \u00c7ocuk Do\u011fum G\u00fcn\u00fc \u00d6zel G\u00fcn Elbisesi"},"content":{"rendered":"<p>Pamuklu kuma\u015f\u0131 sayesinde \u00e7ocuklar\u0131n cildine nazik dokunu\u015flar sunar ve g\u00fcn boyu rahatl\u0131k sa\u011flar; \u00d6zel tasar\u0131m koleksiyonundan bir par\u00e7a olan bu elbise, \u015f\u0131k ve modern \u00e7izgileriyle dikkat \u00e7eker; G\u00f6z al\u0131c\u0131 bask\u0131l\u0131 deseniyle, k\u0131z \u00e7ocuklar\u0131n\u0131n \u00f6zel g\u00fcnlerinde \u0131\u015f\u0131lt\u0131s\u0131n\u0131 \u00f6n plana \u00e7\u0131kar\u0131r; Ete\u011fi f\u0131rf\u0131rl\u0131 tasar\u0131m\u0131 ile hareket \u00f6zg\u00fcrl\u00fc\u011f\u00fc sunarken, \u015f\u0131k bir g\u00f6r\u00fcn\u00fcm kazand\u0131r\u0131r; Midi boyu sayesinde hem rahatl\u0131k hem de zarif bir siluet olu\u015fturur; \u00e7ocuklar\u0131n hareket etmesini k\u0131s\u0131tlamaz; Astarl\u0131 yap\u0131s\u0131 ile konforlu bir kullan\u0131m sunarken, elbisenin formunu korumas\u0131na yard\u0131mc\u0131 olur; Tokal\u0131 detaylar\u0131 ile elbiseye ekstra \u015f\u0131kl\u0131k katarken, kolay giyip \u00e7\u0131karmay\u0131 m\u00fcmk\u00fcn k\u0131lar; Uzun kollar\u0131 sayesinde mevsim ko\u015fullar\u0131na uygun koruma sa\u011flar ve s\u0131cak g\u00fcnlerde ideal bir se\u00e7imdir; Parti ortamlar\u0131 i\u00e7in ideal olan bu elbise, \u00e7ocuklar\u0131n \u00f6zel g\u00fcnlerinde g\u00f6z al\u0131c\u0131 olmalar\u0131n\u0131 sa\u011flar;<\/p>","protected":false},"excerpt":{"rendered":"<p>Pamuklu kuma\u015f\u0131 sayesinde \u00e7ocuklar\u0131n cildine nazik dokunu\u015flar sunar ve g\u00fcn boyu rahatl\u0131k sa\u011flar; \u00d6zel tasar\u0131m koleksiyonundan bir par\u00e7a olan bu<\/p>","protected":false},"featured_media":2772,"comment_status":"closed","ping_status":"open","template":"","meta":[],"product_brand":[53],"product_cat":[54],"product_tag":[],"class_list":{"0":"post-2770","1":"product","2":"type-product","3":"status-publish","4":"has-post-thumbnail","6":"product_brand-sare-cocuk-giyim","7":"product_cat-abiye-mezuniyet-elbisesi","8":"pa_beden-3-4-yas","10":"first","11":"instock","12":"sale","13":"purchasable","14":"product-type-simple"},"_links":{"self":[{"href":"https:\/\/sarecocukgiyim.com.tr\/en\/wp-json\/wp\/v2\/product\/2770","targetHints":{"allow":["GET"]}}],"collection":[{"href":"https:\/\/sarecocukgiyim.com.tr\/en\/wp-json\/wp\/v2\/product"}],"about":[{"href":"https:\/\/sarecocukgiyim.com.tr\/en\/wp-json\/wp\/v2\/types\/product"}],"replies":[{"embeddable":true,"href":"https:\/\/sarecocukgiyim.com.tr\/en\/wp-json\/wp\/v2\/comments?post=2770"}],"wp:featuredmedia":[{"embeddable":true,"href":"https:\/\/sarecocukgiyim.com.tr\/en\/wp-json\/wp\/v2\/media\/2772"}],"wp:attachment":[{"href":"https:\/\/sarecocukgiyim.com.tr\/en\/wp-json\/wp\/v2\/media?parent=2770"}],"wp:term":[{"taxonomy":"product_brand","embeddable":true,"href":"https:\/\/sarecocukgiyim.com.tr\/en\/wp-json\/wp\/v2\/product_brand?post=2770"},{"taxonomy":"product_cat","embeddable":true,"href":"https:\/\/sarecocukgiyim.com.tr\/en\/wp-json\/wp\/v2\/product_cat?post=2770"},{"taxonomy":"product_tag","embeddable":true,"href":"https:\/\/sarecocukgiyim.com.tr\/en\/wp-json\/wp\/v2\/product_tag?post=2770"}],"curies":[{"name":"wp","href":"https:\/\/api.w.org\/{rel}","templated":true}]}}