{"id":2815,"date":"2026-01-22T14:05:07","date_gmt":"2026-01-22T14:05:07","guid":{"rendered":"https:\/\/sare.nerioworks.com\/urun\/pembe-melek-kanatli-kuyruklu-dogum-gunu-cocuk-abiye-cocuk-elbise\/"},"modified":"2026-02-12T12:00:27","modified_gmt":"2026-02-12T12:00:27","slug":"pembe-melek-kanatli-kuyruklu-dogum-gunu-cocuk-abiye-cocuk-elbise","status":"publish","type":"product","link":"https:\/\/sarecocukgiyim.com.tr\/en\/product\/pembe-melek-kanatli-kuyruklu-dogum-gunu-cocuk-abiye-cocuk-elbise\/","title":{"rendered":"Pembe Melek Kanatl\u0131 Kuyruklu Do\u011fum G\u00fcn\u00fc \u00c7ocuk Abiye \u00c7ocuk Elbise"},"content":{"rendered":"<p>\u00c7ocuklar i\u00e7in \u00f6zel olarak tasarlanm\u0131\u015f, pembe melek kanatl\u0131 kuyruklu do\u011fum g\u00fcn\u00fc \u00e7ocuk abiye elbisesi, minik prenseslerin \u015f\u0131kl\u0131\u011f\u0131n\u0131 tamamlar; Hafif ve zarif t\u00fcl materyali ile \u00e7ocuklar\u0131n rahat hareket etmesini sa\u011flar ve g\u00fcn boyu konfor sunar; \u00d6zel tasar\u0131m koleksiyonundan bir par\u00e7a olan bu elbise, \u00e7ocuklar\u0131n hayal d\u00fcnyas\u0131na hitap ederken stil sahibi g\u00f6r\u00fcnmelerini sa\u011flar;<\/p>","protected":false},"excerpt":{"rendered":"<p>\u00c7ocuklar i\u00e7in \u00f6zel olarak tasarlanm\u0131\u015f, pembe melek kanatl\u0131 kuyruklu do\u011fum g\u00fcn\u00fc \u00e7ocuk abiye elbisesi, minik prenseslerin \u015f\u0131kl\u0131\u011f\u0131n\u0131 tamamlar; Hafif ve<\/p>","protected":false},"featured_media":2817,"comment_status":"closed","ping_status":"open","template":"","meta":[],"product_brand":[53],"product_cat":[54],"product_tag":[],"class_list":{"0":"post-2815","1":"product","2":"type-product","3":"status-publish","4":"has-post-thumbnail","6":"product_brand-sare-cocuk-giyim","7":"product_cat-abiye-mezuniyet-elbisesi","8":"pa_beden-11-yas","9":"pa_beden-11-12-yas","10":"pa_beden-12-13-yas","11":"pa_beden-2-3-yas","12":"pa_beden-3-4-yas","13":"pa_beden-4-5-yas","14":"pa_beden-5-6-yas","15":"pa_beden-6-7-yas","16":"pa_beden-7-8-yas","17":"pa_beden-9-10-yas","19":"first","20":"instock","21":"sale","22":"purchasable","23":"product-type-variable"},"_links":{"self":[{"href":"https:\/\/sarecocukgiyim.com.tr\/en\/wp-json\/wp\/v2\/product\/2815","targetHints":{"allow":["GET"]}}],"collection":[{"href":"https:\/\/sarecocukgiyim.com.tr\/en\/wp-json\/wp\/v2\/product"}],"about":[{"href":"https:\/\/sarecocukgiyim.com.tr\/en\/wp-json\/wp\/v2\/types\/product"}],"replies":[{"embeddable":true,"href":"https:\/\/sarecocukgiyim.com.tr\/en\/wp-json\/wp\/v2\/comments?post=2815"}],"wp:featuredmedia":[{"embeddable":true,"href":"https:\/\/sarecocukgiyim.com.tr\/en\/wp-json\/wp\/v2\/media\/2817"}],"wp:attachment":[{"href":"https:\/\/sarecocukgiyim.com.tr\/en\/wp-json\/wp\/v2\/media?parent=2815"}],"wp:term":[{"taxonomy":"product_brand","embeddable":true,"href":"https:\/\/sarecocukgiyim.com.tr\/en\/wp-json\/wp\/v2\/product_brand?post=2815"},{"taxonomy":"product_cat","embeddable":true,"href":"https:\/\/sarecocukgiyim.com.tr\/en\/wp-json\/wp\/v2\/product_cat?post=2815"},{"taxonomy":"product_tag","embeddable":true,"href":"https:\/\/sarecocukgiyim.com.tr\/en\/wp-json\/wp\/v2\/product_tag?post=2815"}],"curies":[{"name":"wp","href":"https:\/\/api.w.org\/{rel}","templated":true}]}}