{"id":3216,"date":"2026-02-25T21:58:01","date_gmt":"2026-02-25T21:58:01","guid":{"rendered":"https:\/\/sarecocukgiyim.com.tr\/urun\/fiyonk-detayli-kirmizi-rugan-kiz-cocuk-ortopedik-babet\/"},"modified":"2026-02-25T21:58:16","modified_gmt":"2026-02-25T21:58:16","slug":"fiyonk-detayli-kirmizi-rugan-kiz-cocuk-ortopedik-babet","status":"publish","type":"product","link":"https:\/\/sarecocukgiyim.com.tr\/en\/product\/fiyonk-detayli-kirmizi-rugan-kiz-cocuk-ortopedik-babet\/","title":{"rendered":"Fiyonk Detayl\u0131 K\u0131rm\u0131z\u0131 Rugan K\u0131z \u00c7ocuk Ortopedik Babet"},"content":{"rendered":"<p>Suni deri astar materyali ile konforlu bir i\u00e7 yap\u0131 sunar, \u00e7ocuklar\u0131n ayaklar\u0131n\u0131 rahat ettirir; D\u00fcz topuklu tasar\u0131m\u0131 sayesinde g\u00fcn boyu rahatl\u0131k sa\u011flar ve ayak sa\u011fl\u0131\u011f\u0131n\u0131 destekler; Dayan\u0131kl\u0131 suni deri saya materyali, uzun s\u00fcreli kullan\u0131m i\u00e7in idealdir ve kolay temizlenebilir \u00f6zelli\u011fiyle pratiklik sunar; \u0130\u00e7 tabanda kullan\u0131lan suni deri malzeme, yumu\u015fakl\u0131k ve dayan\u0131kl\u0131l\u0131\u011f\u0131 bir arada sunarak \u00e7ocuklar\u0131n ayaklar\u0131n\u0131 korur; &#8220;Back to school&#8221; koleksiyonuna ait bu babet, okula d\u00f6n\u00fc\u015f heyecan\u0131n\u0131 \u015f\u0131kl\u0131kla tamamlar; Neolit taban materyali ile esneklik ve dayan\u0131kl\u0131l\u0131k bir arada; her ad\u0131m\u0131n\u0131zda maksimum konfor sa\u011flar; \u00c7ocuklar i\u00e7in \u00f6zel olarak tasarlanm\u0131\u015f bu babetler, gen\u00e7 kullan\u0131c\u0131lar\u0131n ihtiya\u00e7lar\u0131na uygun ergonomik yap\u0131dad\u0131r; Old Skool koleksiyonunun retro esintili tasar\u0131m\u0131yla zamans\u0131z bir stil sunar; modas\u0131 ge\u00e7meyen bir aksesuar olarak gard\u0131robunuzda yerini al\u0131r; K\u0131sa topuklu (1; 4 cm) yap\u0131s\u0131yla hem \u015f;<\/p>","protected":false},"excerpt":{"rendered":"<p>Suni deri astar materyali ile konforlu bir i\u00e7 yap\u0131 sunar, \u00e7ocuklar\u0131n ayaklar\u0131n\u0131 rahat ettirir; D\u00fcz topuklu tasar\u0131m\u0131 sayesinde g\u00fcn boyu<\/p>","protected":false},"featured_media":3218,"comment_status":"closed","ping_status":"open","template":"","meta":[],"product_brand":[161],"product_cat":[134],"product_tag":[],"class_list":{"0":"post-3216","1":"product","2":"type-product","3":"status-publish","4":"has-post-thumbnail","6":"product_brand-shopland","7":"product_cat-babet","8":"pa_numara-149","9":"pa_numara-154","10":"pa_numara-152","11":"pa_numara-147","12":"pa_numara-144","13":"pa_numara-150","14":"pa_numara-155","15":"pa_numara-148","16":"pa_numara-151","17":"pa_numara-153","18":"pa_numara-146","19":"pa_renk-kirmizi","21":"first","22":"instock","23":"sale","24":"purchasable","25":"product-type-variable"},"_links":{"self":[{"href":"https:\/\/sarecocukgiyim.com.tr\/en\/wp-json\/wp\/v2\/product\/3216","targetHints":{"allow":["GET"]}}],"collection":[{"href":"https:\/\/sarecocukgiyim.com.tr\/en\/wp-json\/wp\/v2\/product"}],"about":[{"href":"https:\/\/sarecocukgiyim.com.tr\/en\/wp-json\/wp\/v2\/types\/product"}],"replies":[{"embeddable":true,"href":"https:\/\/sarecocukgiyim.com.tr\/en\/wp-json\/wp\/v2\/comments?post=3216"}],"wp:featuredmedia":[{"embeddable":true,"href":"https:\/\/sarecocukgiyim.com.tr\/en\/wp-json\/wp\/v2\/media\/3218"}],"wp:attachment":[{"href":"https:\/\/sarecocukgiyim.com.tr\/en\/wp-json\/wp\/v2\/media?parent=3216"}],"wp:term":[{"taxonomy":"product_brand","embeddable":true,"href":"https:\/\/sarecocukgiyim.com.tr\/en\/wp-json\/wp\/v2\/product_brand?post=3216"},{"taxonomy":"product_cat","embeddable":true,"href":"https:\/\/sarecocukgiyim.com.tr\/en\/wp-json\/wp\/v2\/product_cat?post=3216"},{"taxonomy":"product_tag","embeddable":true,"href":"https:\/\/sarecocukgiyim.com.tr\/en\/wp-json\/wp\/v2\/product_tag?post=3216"}],"curies":[{"name":"wp","href":"https:\/\/api.w.org\/{rel}","templated":true}]}}