{"id":3293,"date":"2026-02-25T21:58:51","date_gmt":"2026-02-25T21:58:51","guid":{"rendered":"https:\/\/sarecocukgiyim.com.tr\/urun\/kaymaz-taban-kiz-cocuk-babet\/"},"modified":"2026-02-25T21:59:46","modified_gmt":"2026-02-25T21:59:46","slug":"kaymaz-taban-kiz-cocuk-babet","status":"publish","type":"product","link":"https:\/\/sarecocukgiyim.com.tr\/en\/product\/kaymaz-taban-kiz-cocuk-babet\/","title":{"rendered":"Kaymaz Taban K\u0131z \u00c7ocuk Babet"},"content":{"rendered":"<p>Bu E\u015fsiz harika ayakkab\u0131 sayesinde prenseslerinizi Mutlu edebilirsiniz:) ; Yumu\u015fak deri sayesinde kolay giyim. Bile\u011fe g\u00f6re ayarlanabilir bant. \u00c7ocuklar\u0131n ayak geli\u015fimine uygun olarak \u00fcretilmi\u015ftir. ; % 100 antialerjiktir. Anti bakteriyel taban, Ortopedik taban. ; %100 yerli hammadde ile T\u00fcrkiye &#8216; de \u00fcretilmi\u015ftir, ; K\u0131z \u00e7ocuk bayraml\u0131k abiye parti kost\u00fcm ayakkab\u0131s\u0131, \u00f6zel g\u00fcnleriniz de \u00e7ocuklar i\u00e7in rahat\u00e7a kullanabilirsiniz. Fiyonk detayl\u0131 ve olduk\u00e7a rahatt\u0131r. Fiyonk detay\u0131 ile \u015f\u0131k bir g\u00f6r\u00fcn\u00fcme sahiptir. Tam kal\u0131p olup giyilen numaray\u0131 alabilirsiniz. ;<\/p>","protected":false},"excerpt":{"rendered":"<p>Bu E\u015fsiz harika ayakkab\u0131 sayesinde prenseslerinizi Mutlu edebilirsiniz:) ; Yumu\u015fak deri sayesinde kolay giyim. Bile\u011fe g\u00f6re ayarlanabilir bant. \u00c7ocuklar\u0131n ayak<\/p>","protected":false},"featured_media":3295,"comment_status":"closed","ping_status":"open","template":"","meta":[],"product_brand":[161],"product_cat":[134],"product_tag":[],"class_list":{"0":"post-3293","1":"product","2":"type-product","3":"status-publish","4":"has-post-thumbnail","6":"product_brand-shopland","7":"product_cat-babet","8":"pa_numara-149","9":"pa_numara-154","10":"pa_numara-152","11":"pa_numara-147","12":"pa_numara-144","13":"pa_numara-150","14":"pa_numara-155","15":"pa_numara-148","16":"pa_numara-151","17":"pa_numara-153","18":"pa_numara-146","19":"pa_renk-ekru","21":"first","22":"instock","23":"sale","24":"purchasable","25":"product-type-variable"},"_links":{"self":[{"href":"https:\/\/sarecocukgiyim.com.tr\/en\/wp-json\/wp\/v2\/product\/3293","targetHints":{"allow":["GET"]}}],"collection":[{"href":"https:\/\/sarecocukgiyim.com.tr\/en\/wp-json\/wp\/v2\/product"}],"about":[{"href":"https:\/\/sarecocukgiyim.com.tr\/en\/wp-json\/wp\/v2\/types\/product"}],"replies":[{"embeddable":true,"href":"https:\/\/sarecocukgiyim.com.tr\/en\/wp-json\/wp\/v2\/comments?post=3293"}],"wp:featuredmedia":[{"embeddable":true,"href":"https:\/\/sarecocukgiyim.com.tr\/en\/wp-json\/wp\/v2\/media\/3295"}],"wp:attachment":[{"href":"https:\/\/sarecocukgiyim.com.tr\/en\/wp-json\/wp\/v2\/media?parent=3293"}],"wp:term":[{"taxonomy":"product_brand","embeddable":true,"href":"https:\/\/sarecocukgiyim.com.tr\/en\/wp-json\/wp\/v2\/product_brand?post=3293"},{"taxonomy":"product_cat","embeddable":true,"href":"https:\/\/sarecocukgiyim.com.tr\/en\/wp-json\/wp\/v2\/product_cat?post=3293"},{"taxonomy":"product_tag","embeddable":true,"href":"https:\/\/sarecocukgiyim.com.tr\/en\/wp-json\/wp\/v2\/product_tag?post=3293"}],"curies":[{"name":"wp","href":"https:\/\/api.w.org\/{rel}","templated":true}]}}