{"id":3309,"date":"2026-02-25T21:59:22","date_gmt":"2026-02-25T21:59:22","guid":{"rendered":"https:\/\/sarecocukgiyim.com.tr\/urun\/kirik-beyaz-kaymaz-taban-kiz-cocuk-prenses-babeti\/"},"modified":"2026-02-25T21:59:46","modified_gmt":"2026-02-25T21:59:46","slug":"kirik-beyaz-kaymaz-taban-kiz-cocuk-prenses-babeti","status":"publish","type":"product","link":"https:\/\/sarecocukgiyim.com.tr\/en\/product\/kirik-beyaz-kaymaz-taban-kiz-cocuk-prenses-babeti\/","title":{"rendered":"K\u0131r\u0131k Beyaz Kaymaz Taban K\u0131z \u00c7ocuk Prenses Babeti"},"content":{"rendered":"<p>Bu E\u015fsiz harika ayakkab\u0131 sayesinde prenseslerinizi Mutlu edebilirsiniz:) ; Yumu\u015fak deri sayesinde kolay giyim. Bile\u011fe g\u00f6re ayarlanabilir bant. \u00c7ocuklar\u0131n ayak geli\u015fimine uygun olarak \u00fcretilmi\u015ftir. ; % 100 antialerjiktir. Anti bakteriyel taban, Ortopedik taban. ; %100 yerli hammadde ile T\u00fcrkiye &#8216; de \u00fcretilmi\u015ftir, ; K\u0131z \u00e7ocuk bayraml\u0131k abiye parti kost\u00fcm ayakkab\u0131s\u0131, \u00f6zel g\u00fcnleriniz de \u00e7ocuklar i\u00e7in rahat\u00e7a kullanabilirsiniz. Fiyonk detayl\u0131 ve olduk\u00e7a rahatt\u0131r. Fiyonk detay\u0131 ile \u015f\u0131k bir g\u00f6r\u00fcn\u00fcme sahiptir. Tam kal\u0131p olup giyilen numaray\u0131 alabilirsiniz. ; Babet Numaralar\u0131m\u0131z 26-36 no aras\u0131nda mevcuttur. ; Parti, bayram ,do\u011fum g\u00fcn\u00fc, d\u00fc\u011f\u00fcn, t\u00f6ren, merasim ve dans g\u00f6sterilerinde kullanman\u0131z i\u00e7in ideal bir modeldir. ; Yapaca\u011f\u0131n\u0131z al\u0131\u015fveri\u015flerde kargolar\u0131 her ma\u011faza kendisi g\u00f6nderdi\u011fi i\u00e7in farkl\u0131 ma\u011fazalardan \u00fcr\u00fcn alman\u0131z durumunda hepsi i\u00e7in ayr\u0131 kargo paras\u0131 \u00f6demeniz gerekecektir. Bu nedenle al\u0131\u015fveri\u015flerinizi tek bir ma\u011faza \u00fczerinden yapman\u0131z daha avantajl\u0131 olacakt\u0131r. ; Kal\u0131p: Standart Ayak \u00d6l\u00e7\u00fclerine G\u00f6re Tam Kal\u0131p ; Alt taban kaymaz taban olup t\u0131rt\u0131klar sayesinde d\u00fcz zeminde olas\u0131 kayma sorunlar\u0131 olu\u015fturmaz. ; Alt Taban ses yapmayan yumu\u015fak malzemeden \u00fcretilmi\u015ftir. Y\u00fcr\u00fcrken Esneklik Sa\u011flayarak \u00c7ocuklar\u0131n ayak geli\u015fimini korur. ; Dikkat&#8230; SADECE PRENSESLER \u0130\u00c7\u0130N \u00dcRET\u0130LM\u0130\u015eT\u0130R. ;<\/p>","protected":false},"excerpt":{"rendered":"<p>Bu E\u015fsiz harika ayakkab\u0131 sayesinde prenseslerinizi Mutlu edebilirsiniz:) ; Yumu\u015fak deri sayesinde kolay giyim. Bile\u011fe g\u00f6re ayarlanabilir bant. \u00c7ocuklar\u0131n ayak<\/p>","protected":false},"featured_media":3311,"comment_status":"closed","ping_status":"open","template":"","meta":[],"product_brand":[161],"product_cat":[134],"product_tag":[],"class_list":{"0":"post-3309","1":"product","2":"type-product","3":"status-publish","4":"has-post-thumbnail","6":"product_brand-shopland","7":"product_cat-babet","8":"pa_numara-149","9":"pa_numara-154","10":"pa_numara-152","11":"pa_numara-147","12":"pa_numara-144","13":"pa_numara-150","14":"pa_numara-155","15":"pa_numara-148","16":"pa_numara-151","17":"pa_numara-153","18":"pa_numara-146","19":"pa_renk-beyaz","21":"first","22":"instock","23":"sale","24":"purchasable","25":"product-type-variable"},"_links":{"self":[{"href":"https:\/\/sarecocukgiyim.com.tr\/en\/wp-json\/wp\/v2\/product\/3309","targetHints":{"allow":["GET"]}}],"collection":[{"href":"https:\/\/sarecocukgiyim.com.tr\/en\/wp-json\/wp\/v2\/product"}],"about":[{"href":"https:\/\/sarecocukgiyim.com.tr\/en\/wp-json\/wp\/v2\/types\/product"}],"replies":[{"embeddable":true,"href":"https:\/\/sarecocukgiyim.com.tr\/en\/wp-json\/wp\/v2\/comments?post=3309"}],"wp:featuredmedia":[{"embeddable":true,"href":"https:\/\/sarecocukgiyim.com.tr\/en\/wp-json\/wp\/v2\/media\/3311"}],"wp:attachment":[{"href":"https:\/\/sarecocukgiyim.com.tr\/en\/wp-json\/wp\/v2\/media?parent=3309"}],"wp:term":[{"taxonomy":"product_brand","embeddable":true,"href":"https:\/\/sarecocukgiyim.com.tr\/en\/wp-json\/wp\/v2\/product_brand?post=3309"},{"taxonomy":"product_cat","embeddable":true,"href":"https:\/\/sarecocukgiyim.com.tr\/en\/wp-json\/wp\/v2\/product_cat?post=3309"},{"taxonomy":"product_tag","embeddable":true,"href":"https:\/\/sarecocukgiyim.com.tr\/en\/wp-json\/wp\/v2\/product_tag?post=3309"}],"curies":[{"name":"wp","href":"https:\/\/api.w.org\/{rel}","templated":true}]}}