{"id":3531,"date":"2026-04-06T18:57:41","date_gmt":"2026-04-06T18:57:41","guid":{"rendered":"https:\/\/sarecocukgiyim.com.tr\/?post_type=product&#038;p=3531"},"modified":"2026-04-15T10:27:48","modified_gmt":"2026-04-15T10:27:48","slug":"beyaz-mihrimah-pelerinli-kiz-cocuk-tam-boy-kuran-kursu-merasim-toren-mezuniyet-elbisesi-yaka","status":"publish","type":"product","link":"https:\/\/sarecocukgiyim.com.tr\/en\/product\/beyaz-mihrimah-pelerinli-kiz-cocuk-tam-boy-kuran-kursu-merasim-toren-mezuniyet-elbisesi-yaka\/","title":{"rendered":"Beyaz Mihrimah Pelerinli K\u0131z \u00c7ocuk Tam Boy Kuran Kursu Merasim T\u00f6ren Mezuniyet Elbisesi + Yaka"},"content":{"rendered":"","protected":false},"excerpt":{"rendered":"<ul>\n<li>&#8211; Zarif beyaz t\u00fcl kuma\u015ftan \u00fcretilmi\u015f, mihrimah pelerin detayl\u0131 k\u0131z \u00e7ocuk tam boy elbise.<\/li>\n<li>\u00a0&#8211; Uzun kollu ve bisiklet yaka tasar\u0131m\u0131 ile \u015f\u0131k bir g\u00f6r\u00fcn\u00fcm sunar.<\/li>\n<li>\u00a0&#8211; D\u00fcz deseniyle sade ve zarif bir stil olu\u015fturur, her t\u00fcrl\u00fc aksesuarla kolayca kombinlenebilir.<\/li>\n<li>\u00a0&#8211; Kuran kursu merasimleri, mezuniyet t\u00f6renleri ve d\u00fc\u011f\u00fcn\/nikah gibi \u00f6zel g\u00fcnlerde kullan\u0131lmak \u00fczere idealdir.<\/li>\n<li>&#8211; Relaxed silueti sayesinde rahat bir kullan\u0131m sunarken,<\/li>\n<li>\u00a0&#8211; Astarl\u0131 yap\u0131s\u0131 ile i\u00e7 g\u00f6stermez ve konforlu bir deneyim sunar.<\/li>\n<li>\u00a0&#8211; Fermuarl\u0131 kapama \u015fekli ile kolayca giyilip \u00e7\u0131kar\u0131labilir. &#8211; T\u00fcm sezonlarda rahatl\u0131kla tercih edilebilir.<\/li>\n<li>\u00a0&#8211; T\u00fcrkiye&#8217;de \u00fcretilmi\u015f olup, s\u00fcrd\u00fcr\u00fclebilirlik detay\u0131na sahiptir.<\/li>\n<li>\u00a0&#8211; Kutulu g\u00f6nderimi sayesinde \u00f6zel g\u00fcnlerde \u015f\u0131k bir hediye alternatifi sunar.<\/li>\n<li>\u00a0<b><i>3 parcadan olu\u015fmaktad\u0131r<br \/>\n<\/i><\/b><\/li>\n<li>\u00a0<b><i>&#8211; Elbise<br \/>\n<\/i><\/b><\/li>\n<li>\u00a0<b><i>-Pelerin<br \/>\n<\/i><\/b><\/li>\n<li>\u00a0<b><i>-Bro\u015f<\/i><\/b><\/li>\n<\/ul>","protected":false},"featured_media":3534,"comment_status":"open","ping_status":"closed","template":"","meta":[],"product_brand":[53],"product_cat":[54],"product_tag":[171],"class_list":{"0":"post-3531","1":"product","2":"type-product","3":"status-publish","4":"has-post-thumbnail","6":"product_brand-sare-cocuk-giyim","7":"product_cat-abiye-mezuniyet-elbisesi","8":"product_tag-abiye-elbise-kuran-merasim","9":"pa_beden-1-2-yas","10":"pa_beden-11-12-yas","11":"pa_beden-12-13-yas","12":"pa_beden-13-14-yas","13":"pa_beden-2-3-yas","14":"pa_beden-3-4-yas","15":"pa_beden-4-5-yas","16":"pa_beden-5-6-yas","17":"pa_beden-6-7-yas","18":"pa_beden-7-8-yas","19":"pa_beden-9-10-yas","21":"first","22":"instock","23":"sale","24":"taxable","25":"shipping-taxable","26":"purchasable","27":"product-type-variable"},"_links":{"self":[{"href":"https:\/\/sarecocukgiyim.com.tr\/en\/wp-json\/wp\/v2\/product\/3531","targetHints":{"allow":["GET"]}}],"collection":[{"href":"https:\/\/sarecocukgiyim.com.tr\/en\/wp-json\/wp\/v2\/product"}],"about":[{"href":"https:\/\/sarecocukgiyim.com.tr\/en\/wp-json\/wp\/v2\/types\/product"}],"replies":[{"embeddable":true,"href":"https:\/\/sarecocukgiyim.com.tr\/en\/wp-json\/wp\/v2\/comments?post=3531"}],"wp:featuredmedia":[{"embeddable":true,"href":"https:\/\/sarecocukgiyim.com.tr\/en\/wp-json\/wp\/v2\/media\/3534"}],"wp:attachment":[{"href":"https:\/\/sarecocukgiyim.com.tr\/en\/wp-json\/wp\/v2\/media?parent=3531"}],"wp:term":[{"taxonomy":"product_brand","embeddable":true,"href":"https:\/\/sarecocukgiyim.com.tr\/en\/wp-json\/wp\/v2\/product_brand?post=3531"},{"taxonomy":"product_cat","embeddable":true,"href":"https:\/\/sarecocukgiyim.com.tr\/en\/wp-json\/wp\/v2\/product_cat?post=3531"},{"taxonomy":"product_tag","embeddable":true,"href":"https:\/\/sarecocukgiyim.com.tr\/en\/wp-json\/wp\/v2\/product_tag?post=3531"}],"curies":[{"name":"wp","href":"https:\/\/api.w.org\/{rel}","templated":true}]}}