{"id":525,"date":"2026-01-22T13:16:35","date_gmt":"2026-01-22T13:16:35","guid":{"rendered":"https:\/\/sare.nerioworks.com\/urun\/otantik-kareli-kahve-cift-tarafli-kiz-cocuk-elbise-toka\/"},"modified":"2026-01-22T13:17:13","modified_gmt":"2026-01-22T13:17:13","slug":"otantik-kareli-kahve-cift-tarafli-kiz-cocuk-elbise-toka","status":"publish","type":"product","link":"https:\/\/sarecocukgiyim.com.tr\/en\/product\/otantik-kareli-kahve-cift-tarafli-kiz-cocuk-elbise-toka\/","title":{"rendered":"Otantik Kareli Kahve \u00c7\u0130ft Tarafl\u0131 K\u0131z \u00c7ocuk Elbise + Toka"},"content":{"rendered":"<p>Otant\u0131k \u00e7ift kat elbisemiz 3 par\u00e7adan olu\u015fmaktad\u0131r.; ; 1- kareli elbise ; 2- d\u00fcz renk jile ; 3- toka ; %100 pamuklu kuma\u015ftan haz\u0131rlad\u0131g\u0131m\u0131z bu elbise rahat kesimdir.; ; &#8211; Uzun kollu tasar\u0131m\u0131 ile mevsim ge\u00e7i\u015flerinde ve serin havalarda konforlu bir kullan\u0131m sunar.; ; &#8211; Nefes alabilen bask\u0131 tekni\u011fi sayesinde cildiniz g\u00fcn boyu rahat eder ve terlemeyi minimize eder.; ; &#8211; Cepsiz yap\u0131s\u0131yla sade ve \u015f\u0131k bir g\u00f6r\u00fcn\u00fcm sa\u011flar; pratik kullan\u0131m i\u00e7in idealdir.; ; &#8211; Hakim yaka detay\u0131 ile modern ve zarif bir stil olu\u015ftururken, astars\u0131z tasar\u0131m\u0131 hafiflik hissi verir.; ; &#8211; Kemerli bel tasar\u0131m\u0131, v\u00fccut hatlar\u0131n\u0131za uyum sa\u011flayarak feminen bir siluet \u00e7izer.; ; &#8211; Pamuk materyali sayesinde yumu\u015fak dokusuyla cildinize nazik\u00e7e dokunur ve g\u00fcn boyu rahatl\u0131k sunar.; ; &#8211; T\u00fcm sezonlar i\u00e7in uygun olan bu elbise, gard\u0131robunuzdaki \u00e7ok y\u00f6nl\u00fcl\u00fc\u011f\u00fc artt\u0131r\u0131r.; ; &#8211; Kaps\u0131z yap\u0131s\u0131 ile minimalist \u00e7izgileriyle dikkat \u00e7ekerken, tokal\u0131 detaylar\u0131 \u015f\u0131kl\u0131\u011f\u0131n\u0131 tamamlar.; ; &#8211; Casual \/ G\u00fcnl\u00fck koleksiyonunun par\u00e7as\u0131 olarak g\u00fcnl\u00fck kullan\u0131m i\u00e7in idealdir; rahatl\u0131kla kombinlenebilir.; ;<\/p>","protected":false},"excerpt":{"rendered":"<p>Otant\u0131k \u00e7ift kat elbisemiz 3 par\u00e7adan olu\u015fmaktad\u0131r.; ; 1- kareli elbise ; 2- d\u00fcz renk jile ; 3- toka ;<\/p>","protected":false},"featured_media":527,"comment_status":"closed","ping_status":"open","template":"","meta":[],"product_brand":[53],"product_cat":[65],"product_tag":[],"class_list":{"0":"post-525","1":"product","2":"type-product","3":"status-publish","4":"has-post-thumbnail","6":"product_brand-sare-cocuk-giyim","7":"product_cat-elbise","8":"pa_beden-1-2-yas","9":"pa_beden-11-12-yas","10":"pa_beden-12-13-yas","11":"pa_beden-2-3-yas","12":"pa_beden-3-4-yas","13":"pa_beden-4-5-yas","14":"pa_beden-5-6-yas","15":"pa_beden-6-7-yas","16":"pa_beden-7-8-yas","17":"pa_beden-9-10-yas","19":"first","20":"instock","21":"sale","22":"purchasable","23":"product-type-variable"},"_links":{"self":[{"href":"https:\/\/sarecocukgiyim.com.tr\/en\/wp-json\/wp\/v2\/product\/525","targetHints":{"allow":["GET"]}}],"collection":[{"href":"https:\/\/sarecocukgiyim.com.tr\/en\/wp-json\/wp\/v2\/product"}],"about":[{"href":"https:\/\/sarecocukgiyim.com.tr\/en\/wp-json\/wp\/v2\/types\/product"}],"replies":[{"embeddable":true,"href":"https:\/\/sarecocukgiyim.com.tr\/en\/wp-json\/wp\/v2\/comments?post=525"}],"wp:featuredmedia":[{"embeddable":true,"href":"https:\/\/sarecocukgiyim.com.tr\/en\/wp-json\/wp\/v2\/media\/527"}],"wp:attachment":[{"href":"https:\/\/sarecocukgiyim.com.tr\/en\/wp-json\/wp\/v2\/media?parent=525"}],"wp:term":[{"taxonomy":"product_brand","embeddable":true,"href":"https:\/\/sarecocukgiyim.com.tr\/en\/wp-json\/wp\/v2\/product_brand?post=525"},{"taxonomy":"product_cat","embeddable":true,"href":"https:\/\/sarecocukgiyim.com.tr\/en\/wp-json\/wp\/v2\/product_cat?post=525"},{"taxonomy":"product_tag","embeddable":true,"href":"https:\/\/sarecocukgiyim.com.tr\/en\/wp-json\/wp\/v2\/product_tag?post=525"}],"curies":[{"name":"wp","href":"https:\/\/api.w.org\/{rel}","templated":true}]}}