{"id":5412,"date":"2026-04-21T11:37:02","date_gmt":"2026-04-21T11:37:02","guid":{"rendered":"https:\/\/sarecocukgiyim.com.tr\/urun\/seffaf-tasli-beyaz-kiz-cocuk-abiye-ayakkabi\/"},"modified":"2026-04-21T11:38:14","modified_gmt":"2026-04-21T11:38:14","slug":"seffaf-tasli-beyaz-kiz-cocuk-abiye-ayakkabi","status":"publish","type":"product","link":"https:\/\/sarecocukgiyim.com.tr\/en\/product\/seffaf-tasli-beyaz-kiz-cocuk-abiye-ayakkabi\/","title":{"rendered":"\u015eeffaf Ta\u015fl\u0131 beyaz K\u0131z \u00c7ocuk Abiye Ayakkab\u0131"},"content":{"rendered":"<p>\u015eeffaf Ta\u015f detayl\u0131 beyaz Renk ortopedik k\u0131z \u00e7ocuk ayakkab\u0131m\u0131z \u00f6zel tasar\u0131m olarak az say\u0131da \u00fcretilmi\u015ftir.; ; Ham madde ve \u00fcretim Yeri T\u00fcrkiye&#8217;dir.; ; Ortopedik taban ve \u00e7ocuklar\u0131n ayak yap\u0131s\u0131na uygun olarak \u00f6zenle haz\u0131rlanm\u0131\u015ft\u0131r.; ; Kullan\u0131lan malzeme yumu\u015fak suni deri ve kuma\u015f.; ; Ayarlanabilir bilek kemeri ile ayag\u0131n yap\u0131s\u0131na uyum saglar.; ; Topuk y\u00fcksekli\u011fi 3 cm.; ; Taban \u00f6k\u00e7e neolit malzemeden ve kend\u0131 \u00f6zel renk suni deri kuma\u015f malzemeden el i\u015f\u00e7ili\u011fi ile \u00fcretilmi\u015ftir.; ; T\u00fcrkiye de en \u00f6zel at\u00f6lyelerde el eme\u011fi olarak \u00fcretilen ayakkab\u0131lar\u0131m\u0131z\u0131n her detay\u0131 ayr\u0131 ayr\u0131 i\u015flemden ge\u00e7irilir.; Sa\u011flam malzeme ve saglam i\u015f\u00e7ililkle sizler i\u00e7in haz\u0131rlanm\u0131\u015ft\u0131r.; ; Not: Ta\u015f detaylar\u0131ndan dolay\u0131 d\u0131kkatli kullan\u0131m gerektirir.;<\/p>","protected":false},"excerpt":{"rendered":"<p>\u015eeffaf Ta\u015f detayl\u0131 beyaz Renk ortopedik k\u0131z \u00e7ocuk ayakkab\u0131m\u0131z \u00f6zel tasar\u0131m olarak az say\u0131da \u00fcretilmi\u015ftir.; ; Ham madde ve \u00fcretim<\/p>","protected":false},"featured_media":5414,"comment_status":"closed","ping_status":"open","template":"","meta":[],"product_brand":[53],"product_cat":[173],"product_tag":[],"class_list":{"0":"post-5412","1":"product","2":"type-product","3":"status-publish","4":"has-post-thumbnail","6":"product_brand-sare-cocuk-giyim","7":"product_cat-abiye-ayakkabi","8":"pa_numara-152","9":"pa_numara-147","10":"pa_numara-144","11":"pa_numara-150","12":"pa_numara-155","13":"pa_numara-148","14":"pa_numara-151","15":"pa_numara-153","16":"pa_numara-146","17":"pa_renk-beyaz","19":"first","20":"instock","21":"sale","22":"purchasable","23":"product-type-variable"},"_links":{"self":[{"href":"https:\/\/sarecocukgiyim.com.tr\/en\/wp-json\/wp\/v2\/product\/5412","targetHints":{"allow":["GET"]}}],"collection":[{"href":"https:\/\/sarecocukgiyim.com.tr\/en\/wp-json\/wp\/v2\/product"}],"about":[{"href":"https:\/\/sarecocukgiyim.com.tr\/en\/wp-json\/wp\/v2\/types\/product"}],"replies":[{"embeddable":true,"href":"https:\/\/sarecocukgiyim.com.tr\/en\/wp-json\/wp\/v2\/comments?post=5412"}],"wp:featuredmedia":[{"embeddable":true,"href":"https:\/\/sarecocukgiyim.com.tr\/en\/wp-json\/wp\/v2\/media\/5414"}],"wp:attachment":[{"href":"https:\/\/sarecocukgiyim.com.tr\/en\/wp-json\/wp\/v2\/media?parent=5412"}],"wp:term":[{"taxonomy":"product_brand","embeddable":true,"href":"https:\/\/sarecocukgiyim.com.tr\/en\/wp-json\/wp\/v2\/product_brand?post=5412"},{"taxonomy":"product_cat","embeddable":true,"href":"https:\/\/sarecocukgiyim.com.tr\/en\/wp-json\/wp\/v2\/product_cat?post=5412"},{"taxonomy":"product_tag","embeddable":true,"href":"https:\/\/sarecocukgiyim.com.tr\/en\/wp-json\/wp\/v2\/product_tag?post=5412"}],"curies":[{"name":"wp","href":"https:\/\/api.w.org\/{rel}","templated":true}]}}