{"id":5550,"date":"2026-04-21T11:39:43","date_gmt":"2026-04-21T11:39:43","guid":{"rendered":"https:\/\/sarecocukgiyim.com.tr\/urun\/gri-isiltili-kiz-cocuk-ortopedik-sandalet-topuklu-prenses-ayakkabi\/"},"modified":"2026-04-21T11:41:28","modified_gmt":"2026-04-21T11:41:28","slug":"gri-isiltili-kiz-cocuk-ortopedik-sandalet-topuklu-prenses-ayakkabi","status":"publish","type":"product","link":"https:\/\/sarecocukgiyim.com.tr\/en\/product\/gri-isiltili-kiz-cocuk-ortopedik-sandalet-topuklu-prenses-ayakkabi\/","title":{"rendered":"Gri I\u015f\u0131lt\u0131l\u0131 K\u0131z \u00c7ocuk Ortopedik Sandalet Topuklu Prenses Ayakkab\u0131"},"content":{"rendered":"<p>Yumu\u015fak Deri sayesinde kolay giyim sa\u011flayan ayakkab\u0131m\u0131z bile\u011fe g\u00f6re ayarlanabilir aparat\u0131yla \u00e7ocuklar\u0131n ayak geli\u015fimine uygun olarak \u00fcretilmi\u015ftir. Topuk boyu 3-4 cm aral\u0131\u011f\u0131ndad\u0131r. ; % 100 antialerjiktir ve Ortopedik taban \u00f6zelliklerine sahiptir. ; %100 yerli hammadde ile T\u00fcrkiye &#8216; de \u00fcretti\u011fimiz ayakkab\u0131m\u0131z tam kal\u0131pt\u0131r bu sebeple tam numara alman\u0131z\u0131 tavsiye ederiz. ; K\u0131z \u00e7ocuklar i\u00e7in rahat giyim ve konforu \u00f6n planda tutarak tasarlay\u0131p \u00fcretti\u011fimiz k\u0131sa topuklu ayakkab\u0131m\u0131z\u0131 prenseslerimiz \u00f6zel g\u00fcnlerinde, do\u011fum g\u00fcnlerinde, kutlama ve partilerde teredd\u00fcts\u00fcz kullanabilir. ; Olduk\u00e7a sade ve son derece \u015f\u0131k olan ayakkab\u0131m\u0131z S\u0131ral\u0131 ta\u015f detay\u0131yla hemen hemen t\u00fcm abiye ve elbiselerle m\u00fckemmel bir uyum yakalayacakt\u0131r. ; \u00c7ocuk \u00fcr\u00fcnlerimiz %100 Sa\u011fl\u0131kl\u0131 ve Hijyenik \u00dcr\u00fcnlerdir. Sare \u00c7ocuk Giyim Ma\u011fazam\u0131zdan alaca\u011f\u0131n\u0131z \u00fcr\u00fcnlerin tamam\u0131 tek bir kargoda g\u00f6nderilecektir. Yapaca\u011f\u0131n\u0131z al\u0131\u015fveri\u015flerde kargolar\u0131 her ma\u011faza kendisi g\u00f6nderdi\u011fi i\u00e7in farkl\u0131 ma\u011fazalardan \u00fcr\u00fcn alman\u0131z durumunda hepsi i\u00e7in ayr\u0131 kargo paras\u0131 \u00f6demeniz gerekecektir. Bu nedenle al\u0131\u015fveri\u015flerinizi tek bir ma\u011faza \u00fczerinden yapman\u0131z\u0131n daha avantajl\u0131 olaca\u011f\u0131n\u0131 ayr\u0131ca belirtmek isteriz. ; Bizi tercih etti\u011finiz i\u00e7in te\u015fekk\u00fcr eder iyi g\u00fcnler dileriz.;<\/p>","protected":false},"excerpt":{"rendered":"<p>Yumu\u015fak Deri sayesinde kolay giyim sa\u011flayan ayakkab\u0131m\u0131z bile\u011fe g\u00f6re ayarlanabilir aparat\u0131yla \u00e7ocuklar\u0131n ayak geli\u015fimine uygun olarak \u00fcretilmi\u015ftir. Topuk boyu 3-4<\/p>","protected":false},"featured_media":5552,"comment_status":"closed","ping_status":"open","template":"","meta":[],"product_brand":[53],"product_cat":[173],"product_tag":[],"class_list":{"0":"post-5550","1":"product","2":"type-product","3":"status-publish","4":"has-post-thumbnail","6":"product_brand-sare-cocuk-giyim","7":"product_cat-abiye-ayakkabi","8":"pa_numara-149","9":"pa_numara-154","10":"pa_numara-152","11":"pa_numara-147","12":"pa_numara-144","13":"pa_numara-150","14":"pa_numara-155","15":"pa_numara-148","16":"pa_numara-151","17":"pa_numara-153","18":"pa_numara-146","19":"pa_renk-gri","21":"first","22":"instock","23":"sale","24":"purchasable","25":"product-type-variable"},"_links":{"self":[{"href":"https:\/\/sarecocukgiyim.com.tr\/en\/wp-json\/wp\/v2\/product\/5550","targetHints":{"allow":["GET"]}}],"collection":[{"href":"https:\/\/sarecocukgiyim.com.tr\/en\/wp-json\/wp\/v2\/product"}],"about":[{"href":"https:\/\/sarecocukgiyim.com.tr\/en\/wp-json\/wp\/v2\/types\/product"}],"replies":[{"embeddable":true,"href":"https:\/\/sarecocukgiyim.com.tr\/en\/wp-json\/wp\/v2\/comments?post=5550"}],"wp:featuredmedia":[{"embeddable":true,"href":"https:\/\/sarecocukgiyim.com.tr\/en\/wp-json\/wp\/v2\/media\/5552"}],"wp:attachment":[{"href":"https:\/\/sarecocukgiyim.com.tr\/en\/wp-json\/wp\/v2\/media?parent=5550"}],"wp:term":[{"taxonomy":"product_brand","embeddable":true,"href":"https:\/\/sarecocukgiyim.com.tr\/en\/wp-json\/wp\/v2\/product_brand?post=5550"},{"taxonomy":"product_cat","embeddable":true,"href":"https:\/\/sarecocukgiyim.com.tr\/en\/wp-json\/wp\/v2\/product_cat?post=5550"},{"taxonomy":"product_tag","embeddable":true,"href":"https:\/\/sarecocukgiyim.com.tr\/en\/wp-json\/wp\/v2\/product_tag?post=5550"}],"curies":[{"name":"wp","href":"https:\/\/api.w.org\/{rel}","templated":true}]}}