{"id":5634,"date":"2026-04-21T11:41:31","date_gmt":"2026-04-21T11:41:31","guid":{"rendered":"https:\/\/sarecocukgiyim.com.tr\/urun\/kiz-cocuk-lila-gokkusagi-parti-topuklu-ayakkabi\/"},"modified":"2026-04-21T11:43:03","modified_gmt":"2026-04-21T11:43:03","slug":"kiz-cocuk-lila-gokkusagi-parti-topuklu-ayakkabi","status":"publish","type":"product","link":"https:\/\/sarecocukgiyim.com.tr\/en\/product\/kiz-cocuk-lila-gokkusagi-parti-topuklu-ayakkabi\/","title":{"rendered":"K\u0131z \u00c7ocuk Lila G\u00f6kku\u015fa\u011f\u0131 Parti Topuklu Ayakkab\u0131"},"content":{"rendered":"<p>K\u0131z \u00c7ocuk Topuklu Sandalet tipi abiye ayakkab\u0131lar\u0131m\u0131z 26-36 no aral\u0131\u011f\u0131ndad\u0131r. ; Suni deri malzeme kullan\u0131lm\u0131\u015f olup ortopedik taban olarak \u00fcretilmi\u015ftir. ; Tam kal\u0131pt\u0131r. ; Ham madde ve \u00fcretim Yeri T\u00fcrkiye&#8217;dir. ; Ortopedik taban ve \u00e7ocuklar\u0131n ayak yap\u0131s\u0131na uygun olarak \u00f6zenle haz\u0131rlanm\u0131\u015ft\u0131r. ; Ayarlanabilir bilek kemeri ile aya\u011f\u0131n yap\u0131s\u0131na uyum sa\u011flar. ; Topuk y\u00fcksekli\u011fi 3 cm. ; Taban \u00f6k\u00e7e neolit malzemeden ve kendi \u00f6zel renk suni deri kuma\u015f malzemeden el i\u015f\u00e7ili\u011fi ile \u00fcretilmi\u015ftir. ; T\u00fcrkiye de en \u00f6zel at\u00f6lyelerde el eme\u011fi olarak \u00fcretilen ayakkab\u0131lar\u0131m\u0131z\u0131n her detay\u0131 ayr\u0131 ayr\u0131 i\u015flemden ge\u00e7irilir. Sa\u011flam malzeme ve sa\u011flam i\u015f\u00e7ilikle sizler i\u00e7in haz\u0131rlanm\u0131\u015ft\u0131r. ;<\/p>","protected":false},"excerpt":{"rendered":"<p>K\u0131z \u00c7ocuk Topuklu Sandalet tipi abiye ayakkab\u0131lar\u0131m\u0131z 26-36 no aral\u0131\u011f\u0131ndad\u0131r. ; Suni deri malzeme kullan\u0131lm\u0131\u015f olup ortopedik taban olarak \u00fcretilmi\u015ftir.<\/p>","protected":false},"featured_media":5636,"comment_status":"closed","ping_status":"open","template":"","meta":[],"product_brand":[53],"product_cat":[173],"product_tag":[],"class_list":{"0":"post-5634","1":"product","2":"type-product","3":"status-publish","4":"has-post-thumbnail","6":"product_brand-sare-cocuk-giyim","7":"product_cat-abiye-ayakkabi","8":"pa_numara-149","9":"pa_numara-154","10":"pa_numara-152","11":"pa_numara-147","12":"pa_numara-144","13":"pa_numara-150","14":"pa_numara-155","15":"pa_numara-148","16":"pa_numara-151","17":"pa_numara-153","18":"pa_numara-146","19":"pa_renk-lila","21":"first","22":"instock","23":"sale","24":"purchasable","25":"product-type-variable"},"_links":{"self":[{"href":"https:\/\/sarecocukgiyim.com.tr\/en\/wp-json\/wp\/v2\/product\/5634","targetHints":{"allow":["GET"]}}],"collection":[{"href":"https:\/\/sarecocukgiyim.com.tr\/en\/wp-json\/wp\/v2\/product"}],"about":[{"href":"https:\/\/sarecocukgiyim.com.tr\/en\/wp-json\/wp\/v2\/types\/product"}],"replies":[{"embeddable":true,"href":"https:\/\/sarecocukgiyim.com.tr\/en\/wp-json\/wp\/v2\/comments?post=5634"}],"wp:featuredmedia":[{"embeddable":true,"href":"https:\/\/sarecocukgiyim.com.tr\/en\/wp-json\/wp\/v2\/media\/5636"}],"wp:attachment":[{"href":"https:\/\/sarecocukgiyim.com.tr\/en\/wp-json\/wp\/v2\/media?parent=5634"}],"wp:term":[{"taxonomy":"product_brand","embeddable":true,"href":"https:\/\/sarecocukgiyim.com.tr\/en\/wp-json\/wp\/v2\/product_brand?post=5634"},{"taxonomy":"product_cat","embeddable":true,"href":"https:\/\/sarecocukgiyim.com.tr\/en\/wp-json\/wp\/v2\/product_cat?post=5634"},{"taxonomy":"product_tag","embeddable":true,"href":"https:\/\/sarecocukgiyim.com.tr\/en\/wp-json\/wp\/v2\/product_tag?post=5634"}],"curies":[{"name":"wp","href":"https:\/\/api.w.org\/{rel}","templated":true}]}}