{"id":5684,"date":"2026-04-21T11:43:06","date_gmt":"2026-04-21T11:43:06","guid":{"rendered":"https:\/\/sarecocukgiyim.com.tr\/urun\/kirmizi-suni-deri-cocuk-ortopedik-acik-topuklu-ayakkabi\/"},"modified":"2026-04-21T11:43:45","modified_gmt":"2026-04-21T11:43:45","slug":"kirmizi-suni-deri-cocuk-ortopedik-acik-topuklu-ayakkabi","status":"publish","type":"product","link":"https:\/\/sarecocukgiyim.com.tr\/en\/product\/kirmizi-suni-deri-cocuk-ortopedik-acik-topuklu-ayakkabi\/","title":{"rendered":"K\u0131rm\u0131z\u0131 Suni Deri \u00c7ocuk Ortopedik A\u00e7\u0131k Topuklu Ayakkab\u0131"},"content":{"rendered":"<p>K\u0131z \u00c7ocuk Topuklu Sandalet tipi abiye ayakkab\u0131lar\u0131m\u0131z 28-36 no aral\u0131\u011f\u0131ndad\u0131r.; ; ; Suni deri malzeme kullan\u0131lm\u0131\u015f olup ortopedik taban olarak \u00fcretilmi\u015ftir.; ; ; Tam kal\u0131pt\u0131r.; ; Beyaz Renk ortopedik k\u0131z \u00e7ocuk ayakkab\u0131m\u0131z \u00f6zel tasar\u0131m olarak az say\u0131da \u00fcretilmi\u015ftir.; ; ; Ham madde ve \u00fcretim Yeri T\u00fcrkiye&#8217;dir.; ; Ortopedik taban ve \u00e7ocuklar\u0131n ayak yap\u0131s\u0131na uygun olarak \u00f6zenle haz\u0131rlanm\u0131\u015ft\u0131r.; ; ; Ayarlanabilir bilek kemeri ile aya\u011f\u0131n yap\u0131s\u0131na uyum sa\u011flar.; ; ; Topuk y\u00fcksekli\u011fi 3 cm.; ; Taban \u00f6k\u00e7e neolit malzemeden ve kendi \u00f6zel renk suni deri kuma\u015f malzemeden el i\u015f\u00e7ili\u011fi ile \u00fcretilmi\u015ftir.; ; ; T\u00fcrkiye de en \u00f6zel at\u00f6lyelerde el eme\u011fi olarak \u00fcretilen ayakkab\u0131lar\u0131m\u0131z\u0131n her detay\u0131 ayr\u0131 ayr\u0131 i\u015flemden ge\u00e7irilir.; ; Sa\u011flam malzeme ve saglam i\u015f\u00e7ililkle sizler i\u00e7in haz\u0131rlanm\u0131\u015ft\u0131r.; ; ; ;<\/p>","protected":false},"excerpt":{"rendered":"<p>K\u0131z \u00c7ocuk Topuklu Sandalet tipi abiye ayakkab\u0131lar\u0131m\u0131z 28-36 no aral\u0131\u011f\u0131ndad\u0131r.; ; ; Suni deri malzeme kullan\u0131lm\u0131\u015f olup ortopedik taban olarak<\/p>","protected":false},"featured_media":5686,"comment_status":"closed","ping_status":"open","template":"","meta":[],"product_brand":[53],"product_cat":[173],"product_tag":[],"class_list":{"0":"post-5684","1":"product","2":"type-product","3":"status-publish","4":"has-post-thumbnail","6":"product_brand-sare-cocuk-giyim","7":"product_cat-abiye-ayakkabi","8":"pa_numara-152","9":"pa_numara-147","10":"pa_numara-144","11":"pa_numara-150","12":"pa_numara-155","13":"pa_numara-148","14":"pa_numara-151","15":"pa_numara-153","16":"pa_renk-kirmizi","18":"first","19":"instock","20":"sale","21":"purchasable","22":"product-type-variable"},"_links":{"self":[{"href":"https:\/\/sarecocukgiyim.com.tr\/en\/wp-json\/wp\/v2\/product\/5684","targetHints":{"allow":["GET"]}}],"collection":[{"href":"https:\/\/sarecocukgiyim.com.tr\/en\/wp-json\/wp\/v2\/product"}],"about":[{"href":"https:\/\/sarecocukgiyim.com.tr\/en\/wp-json\/wp\/v2\/types\/product"}],"replies":[{"embeddable":true,"href":"https:\/\/sarecocukgiyim.com.tr\/en\/wp-json\/wp\/v2\/comments?post=5684"}],"wp:featuredmedia":[{"embeddable":true,"href":"https:\/\/sarecocukgiyim.com.tr\/en\/wp-json\/wp\/v2\/media\/5686"}],"wp:attachment":[{"href":"https:\/\/sarecocukgiyim.com.tr\/en\/wp-json\/wp\/v2\/media?parent=5684"}],"wp:term":[{"taxonomy":"product_brand","embeddable":true,"href":"https:\/\/sarecocukgiyim.com.tr\/en\/wp-json\/wp\/v2\/product_brand?post=5684"},{"taxonomy":"product_cat","embeddable":true,"href":"https:\/\/sarecocukgiyim.com.tr\/en\/wp-json\/wp\/v2\/product_cat?post=5684"},{"taxonomy":"product_tag","embeddable":true,"href":"https:\/\/sarecocukgiyim.com.tr\/en\/wp-json\/wp\/v2\/product_tag?post=5684"}],"curies":[{"name":"wp","href":"https:\/\/api.w.org\/{rel}","templated":true}]}}