{"id":6246,"date":"2026-04-21T11:54:18","date_gmt":"2026-04-21T11:54:18","guid":{"rendered":"https:\/\/sarecocukgiyim.com.tr\/urun\/kiz-cocuk-gri-simli-topuklu-sandalet\/"},"modified":"2026-04-21T11:55:40","modified_gmt":"2026-04-21T11:55:40","slug":"kiz-cocuk-gri-simli-topuklu-sandalet","status":"publish","type":"product","link":"https:\/\/sarecocukgiyim.com.tr\/en\/product\/kiz-cocuk-gri-simli-topuklu-sandalet\/","title":{"rendered":"K\u0131z \u00c7ocuk Gri Simli Topuklu Sandalet"},"content":{"rendered":"<p>Yumu\u015fak Deri sayesinde kolay giyim. Bile\u011fe g\u00f6re ayarlanabilir toka ,\u00c7ocuklar\u0131n ayak geli\u015fimine uygun olarak \u00fcretilmi\u015ftir. % 100 antialerjiktir. Anti bakteriyel taban, ; %100 yerli hammadde ile T\u00fcrkiye &#8216; de \u00fcretilmi\u015ftir, ; K\u0131z \u00e7ocuk Sandalet tipi abiye parti kost\u00fcm ayakkab\u0131si, \u00d6zel g\u00fcnleriniz de \u00e7ocuklar i\u00e7in rahatca kullanabilirsiniz. fiyonk detayl\u0131 ve olduk\u00e7a rahatt\u0131r. fiyonk detay\u0131 ile \u015f\u0131k bir g\u00f6r\u00fcn\u00fcme sahiptir. Tam kal\u0131p olup giyilen numaray\u0131 alabilirsiniz. ; Antialerjik Dokuda Dekor Kullan\u0131lm\u0131\u015ft\u0131r. \u00c7ocuk \u00fcr\u00fcnlerimiz %100 Sa\u011fl\u0131kl\u0131 ve Hijyenik \u00dcr\u00fcnd\u00fcr. Sare \u00e7ocuk giyim \u00c7ocuk Giyim Ma\u011fazam\u0131zdan alaca\u011f\u0131n\u0131z \u00fcr\u00fcnlerin tamam\u0131 tek bir kargoda g\u00f6nderilecektir. Yapaca\u011f\u0131n\u0131z al\u0131\u015fveri\u015flerde kargolar\u0131 her ma\u011faza kendisi g\u00f6nderdi\u011fi i\u00e7in farkl\u0131 ma\u011fazalardan \u00fcr\u00fcn alman\u0131z durumunda hepsi i\u00e7in ayr\u0131 kargo paras\u0131 \u00f6demeniz gerekecektir. Bu nedenle al\u0131\u015fveri\u015flerinizi tek bir ma\u011faza \u00fczerinden yapman\u0131z daha avantajl\u0131 olacakt\u0131r. ; Mevsim: \u0130lkbahar- Yaz ; Taban Materyali: Poli\u00fcretan ; Topuk Y\u00fcksekli\u011fi: 0,3 Cm ; Taban Y\u00fcksekligi: 0,3 Cm ; Ag\u0131rl\u0131k: 140-150 Gr ; Kal\u0131p: Standart Ayak \u00d6l\u00e7\u00fclerine G\u00f6re Tam Kal\u0131p ; Poli\u00fcretan Taban: Plasti\u011fin s\u00fcngerle\u015ftirilmesi sonucu elde edilen taband\u0131r. Yumu\u015fak bir bas\u0131m\u0131n\u0131n olmas\u0131 ve hafif oldu\u011fu i\u00e7in terleme s\u00fcresini uzatmas\u0131 \u00f6nemli bir \u00f6zelli\u011fidir. ; G\u00fcnl\u00fck ve klasik kombinlerinizle yakalad\u0131\u011f\u0131 uyumuyla favori modeliniz olmaya geliyor! Yuvarlak burun modeline e\u015flik eden fiyonk tokas\u0131 ile zarif bir g\u00f6r\u00fcn\u00fcm sunan bu Sandalet ayakkab\u0131, konforu ile de vazge\u00e7ilmez ayakkab\u0131 modellerinizden olacak. ; cocuk, babetpatikmodelleri, ayakkab\u0131, bebek, intags, babetime, bebekmevl\u00fcd\u00fc, babet34, bebekk\u0131yafeti, bebekhediyesi, bebeksekeri, g\u00fcm\u00fc\u015f, cocukodasi, tatl\u0131bebek, topukluayakkabi, babette, \u00e7ocuk, ayakkabi, bebekhazirliklari, bebekk\u0131yafetleri, \u00e7ocukodas\u0131, g\u00fcm\u00fc\u015fkolye, g\u00fcm\u00fc\u015fset, sporayakkab\u0131, bebek\u015fekeri, ayakkab\u0131a\u015fkt\u0131r, babethepig, annebebek, ortopediktabanl\u0131k, ortopedikbot, \u00e7ocuksandalet, sandalet, \u00e7ocuk, g\u00fcm\u00fc\u015f sandalet, gri sandalet, d\u00fcz taban, ortopedik, pembe, pembe \u00e7ocuk, ;<\/p>","protected":false},"excerpt":{"rendered":"<p>Yumu\u015fak Deri sayesinde kolay giyim. Bile\u011fe g\u00f6re ayarlanabilir toka ,\u00c7ocuklar\u0131n ayak geli\u015fimine uygun olarak \u00fcretilmi\u015ftir. % 100 antialerjiktir. Anti bakteriyel<\/p>","protected":false},"featured_media":6248,"comment_status":"closed","ping_status":"open","template":"","meta":[],"product_brand":[53],"product_cat":[181],"product_tag":[],"class_list":{"0":"post-6246","1":"product","2":"type-product","3":"status-publish","4":"has-post-thumbnail","6":"product_brand-sare-cocuk-giyim","7":"product_cat-sandalet","8":"pa_numara-154","9":"pa_numara-152","10":"pa_numara-147","11":"pa_numara-144","12":"pa_numara-150","13":"pa_numara-155","14":"pa_numara-148","15":"pa_numara-151","16":"pa_numara-153","17":"pa_numara-146","18":"pa_renk-gri","20":"first","21":"instock","22":"sale","23":"purchasable","24":"product-type-variable"},"_links":{"self":[{"href":"https:\/\/sarecocukgiyim.com.tr\/en\/wp-json\/wp\/v2\/product\/6246","targetHints":{"allow":["GET"]}}],"collection":[{"href":"https:\/\/sarecocukgiyim.com.tr\/en\/wp-json\/wp\/v2\/product"}],"about":[{"href":"https:\/\/sarecocukgiyim.com.tr\/en\/wp-json\/wp\/v2\/types\/product"}],"replies":[{"embeddable":true,"href":"https:\/\/sarecocukgiyim.com.tr\/en\/wp-json\/wp\/v2\/comments?post=6246"}],"wp:featuredmedia":[{"embeddable":true,"href":"https:\/\/sarecocukgiyim.com.tr\/en\/wp-json\/wp\/v2\/media\/6248"}],"wp:attachment":[{"href":"https:\/\/sarecocukgiyim.com.tr\/en\/wp-json\/wp\/v2\/media?parent=6246"}],"wp:term":[{"taxonomy":"product_brand","embeddable":true,"href":"https:\/\/sarecocukgiyim.com.tr\/en\/wp-json\/wp\/v2\/product_brand?post=6246"},{"taxonomy":"product_cat","embeddable":true,"href":"https:\/\/sarecocukgiyim.com.tr\/en\/wp-json\/wp\/v2\/product_cat?post=6246"},{"taxonomy":"product_tag","embeddable":true,"href":"https:\/\/sarecocukgiyim.com.tr\/en\/wp-json\/wp\/v2\/product_tag?post=6246"}],"curies":[{"name":"wp","href":"https:\/\/api.w.org\/{rel}","templated":true}]}}