{"id":6279,"date":"2026-04-21T11:55:00","date_gmt":"2026-04-21T11:55:00","guid":{"rendered":"https:\/\/sarecocukgiyim.com.tr\/urun\/kiz-cocuk-gri-topuklu-ortopedik-abiye-ayakkabi\/"},"modified":"2026-04-21T11:56:18","modified_gmt":"2026-04-21T11:56:18","slug":"kiz-cocuk-gri-topuklu-ortopedik-abiye-ayakkabi","status":"publish","type":"product","link":"https:\/\/sarecocukgiyim.com.tr\/en\/product\/kiz-cocuk-gri-topuklu-ortopedik-abiye-ayakkabi\/","title":{"rendered":"K\u0131z \u00c7ocuk Gri Topuklu Ortopedik Abiye Ayakkab\u0131"},"content":{"rendered":"<p>Suni deri saya materyali ile \u00fcretilmi\u015f, dayan\u0131kl\u0131 ve \u015f\u0131k bir tasar\u0131ma sahip; Termoplastik taban materyali sayesinde esneklik ve konfor sunar, \u00e7ocuklar\u0131n rahat ad\u0131mlar atmas\u0131n\u0131 sa\u011flar; Business ortamlar i\u00e7in uygun tasar\u0131m\u0131yla \u00f6zel g\u00fcnlerde ve resmi etkinliklerde \u015f\u0131kl\u0131\u011f\u0131 tamamlar; Suni deri astar materyali aya\u011f\u0131n nefes almas\u0131na olanak tan\u0131rken, uzun s\u00fcreli kullan\u0131mlarda konfor sa\u011flar; 1 ila 4 cm aras\u0131nda k\u0131sa topuk boyu ile dengeli bir duru\u015f ve rahatl\u0131k sunar; Bantl\u0131 ba\u011flama \u015fekli pratik kullan\u0131m imkan\u0131 verir; kolayca giyilip \u00e7\u0131kart\u0131labilir; Business koleksiyonuna ait bu ayakkab\u0131, zarif g\u00f6r\u00fcn\u00fcm\u00fcyle dikkat \u00e7ekerken i\u015flevsellikten \u00f6d\u00fcn vermez; D\u00fcz deseniyle sade ve zamans\u0131z bir stil yarat\u0131rken her t\u00fcrl\u00fc k\u0131yafetle uyum sa\u011flar; Dokuma kuma\u015f;<\/p>","protected":false},"excerpt":{"rendered":"<p>Suni deri saya materyali ile \u00fcretilmi\u015f, dayan\u0131kl\u0131 ve \u015f\u0131k bir tasar\u0131ma sahip; Termoplastik taban materyali sayesinde esneklik ve konfor sunar,<\/p>","protected":false},"featured_media":6281,"comment_status":"closed","ping_status":"open","template":"","meta":[],"product_brand":[53],"product_cat":[172],"product_tag":[],"class_list":{"0":"post-6279","1":"product","2":"type-product","3":"status-publish","4":"has-post-thumbnail","6":"product_brand-sare-cocuk-giyim","7":"product_cat-klasik-topuklu-ayakkabi","8":"pa_numara-154","9":"pa_numara-152","10":"pa_numara-147","11":"pa_numara-144","12":"pa_numara-150","13":"pa_numara-155","14":"pa_numara-148","15":"pa_numara-151","16":"pa_numara-153","17":"pa_numara-146","18":"pa_renk-gri","20":"first","21":"instock","22":"sale","23":"purchasable","24":"product-type-variable"},"_links":{"self":[{"href":"https:\/\/sarecocukgiyim.com.tr\/en\/wp-json\/wp\/v2\/product\/6279","targetHints":{"allow":["GET"]}}],"collection":[{"href":"https:\/\/sarecocukgiyim.com.tr\/en\/wp-json\/wp\/v2\/product"}],"about":[{"href":"https:\/\/sarecocukgiyim.com.tr\/en\/wp-json\/wp\/v2\/types\/product"}],"replies":[{"embeddable":true,"href":"https:\/\/sarecocukgiyim.com.tr\/en\/wp-json\/wp\/v2\/comments?post=6279"}],"wp:featuredmedia":[{"embeddable":true,"href":"https:\/\/sarecocukgiyim.com.tr\/en\/wp-json\/wp\/v2\/media\/6281"}],"wp:attachment":[{"href":"https:\/\/sarecocukgiyim.com.tr\/en\/wp-json\/wp\/v2\/media?parent=6279"}],"wp:term":[{"taxonomy":"product_brand","embeddable":true,"href":"https:\/\/sarecocukgiyim.com.tr\/en\/wp-json\/wp\/v2\/product_brand?post=6279"},{"taxonomy":"product_cat","embeddable":true,"href":"https:\/\/sarecocukgiyim.com.tr\/en\/wp-json\/wp\/v2\/product_cat?post=6279"},{"taxonomy":"product_tag","embeddable":true,"href":"https:\/\/sarecocukgiyim.com.tr\/en\/wp-json\/wp\/v2\/product_tag?post=6279"}],"curies":[{"name":"wp","href":"https:\/\/api.w.org\/{rel}","templated":true}]}}