{"id":641,"date":"2026-01-22T13:18:29","date_gmt":"2026-01-22T13:18:29","guid":{"rendered":"https:\/\/sare.nerioworks.com\/urun\/kiz-cocuk-uzun-kol-fitilli-kadife-kahve-elbise\/"},"modified":"2026-01-22T13:19:48","modified_gmt":"2026-01-22T13:19:48","slug":"kiz-cocuk-uzun-kol-fitilli-kadife-kahve-elbise","status":"publish","type":"product","link":"https:\/\/sarecocukgiyim.com.tr\/en\/product\/kiz-cocuk-uzun-kol-fitilli-kadife-kahve-elbise\/","title":{"rendered":"K\u0131z \u00c7ocuk Uzun Kol Fitilli Kadife Kahve Elbise"},"content":{"rendered":"<p>&#8211; Uzun kollu tasar\u0131m\u0131 ile k\u0131\u015f aylar\u0131nda s\u0131cak tutar ve rahat bir kullan\u0131m sunar.; &#8211; Orta kal\u0131nl\u0131kta kadife materyali, hem \u015f\u0131kl\u0131\u011f\u0131 hem de konforu bir arada sa\u011flar.; &#8211; G\u00fcnl\u00fck kullan\u0131m i\u00e7in ideal olan bu elbise, rahatl\u0131\u011f\u0131 ve \u015f\u0131kl\u0131\u011f\u0131 g\u00fcnl\u00fck kombinlerinize ta\u015f\u0131r.; &#8211; Bask\u0131s\u0131z ve cepsiz tasar\u0131m\u0131 ile sade ve zarif bir g\u00f6r\u00fcn\u00fcm sunar.; &#8211; Kutu yerine \u015f\u0131k bir \u015fekilde paketlenmi\u015f olarak gelir, b\u00f6ylece hediye olarak da tercih edilebilir.; &#8211; Fashion Forward persona&#8217;ya hitap eden modern kesimi ve detaylar\u0131yla dikkat \u00e7eker.; &#8211; Bisiklet yakas\u0131 ile hem rahatl\u0131k hem de estetik bir g\u00f6r\u00fcn\u00fcm sa\u011flar.; &#8211; Astars\u0131z yap\u0131s\u0131yla hafif ve konforlu bir kullan\u0131m sunarken, ku\u015fak detay\u0131 bel b\u00f6lgesini vurgular.; &#8211; Kadife dokusuyla zengin bir dokunu\u015f katarken, d\u00fcz deseniyle kolayca kombinlenebilir.; &#8211; T\u00fcylenmez \u00f6zelli\u011fi sayesinde uzun s\u00fcreli kullan\u0131m i\u00e7in idealdir.; &#8211; Relaxed silueti ile g\u00fcn boyu rahat hareket etme \u00f6zg\u00fcrl\u00fc\u011f\u00fc tan\u0131r.; &#8211; Maxi boyuyla modern ve \u015f\u0131k bir siluet olu\u015ftururken, dantel detaylar\u0131 ile feminen dokunu\u015flar ekler.;<\/p>","protected":false},"excerpt":{"rendered":"<p>&#8211; Uzun kollu tasar\u0131m\u0131 ile k\u0131\u015f aylar\u0131nda s\u0131cak tutar ve rahat bir kullan\u0131m sunar.; &#8211; Orta kal\u0131nl\u0131kta kadife materyali, hem<\/p>","protected":false},"featured_media":643,"comment_status":"closed","ping_status":"open","template":"","meta":[],"product_brand":[53],"product_cat":[65],"product_tag":[],"class_list":{"0":"post-641","1":"product","2":"type-product","3":"status-publish","4":"has-post-thumbnail","6":"product_brand-sare-cocuk-giyim","7":"product_cat-elbise","8":"pa_beden-0-3-ay","9":"pa_beden-1-2-yas","10":"pa_beden-12-18-ay","11":"pa_beden-18-24-ay","12":"pa_beden-2-3-yas","13":"pa_beden-24-36-ay","14":"pa_beden-3-4-yas","15":"pa_beden-3-6-ay","16":"pa_beden-4-5-yas","17":"pa_beden-6-9-ay","18":"pa_beden-9-12-ay","20":"first","21":"instock","22":"sale","23":"purchasable","24":"product-type-variable"},"_links":{"self":[{"href":"https:\/\/sarecocukgiyim.com.tr\/en\/wp-json\/wp\/v2\/product\/641","targetHints":{"allow":["GET"]}}],"collection":[{"href":"https:\/\/sarecocukgiyim.com.tr\/en\/wp-json\/wp\/v2\/product"}],"about":[{"href":"https:\/\/sarecocukgiyim.com.tr\/en\/wp-json\/wp\/v2\/types\/product"}],"replies":[{"embeddable":true,"href":"https:\/\/sarecocukgiyim.com.tr\/en\/wp-json\/wp\/v2\/comments?post=641"}],"wp:featuredmedia":[{"embeddable":true,"href":"https:\/\/sarecocukgiyim.com.tr\/en\/wp-json\/wp\/v2\/media\/643"}],"wp:attachment":[{"href":"https:\/\/sarecocukgiyim.com.tr\/en\/wp-json\/wp\/v2\/media?parent=641"}],"wp:term":[{"taxonomy":"product_brand","embeddable":true,"href":"https:\/\/sarecocukgiyim.com.tr\/en\/wp-json\/wp\/v2\/product_brand?post=641"},{"taxonomy":"product_cat","embeddable":true,"href":"https:\/\/sarecocukgiyim.com.tr\/en\/wp-json\/wp\/v2\/product_cat?post=641"},{"taxonomy":"product_tag","embeddable":true,"href":"https:\/\/sarecocukgiyim.com.tr\/en\/wp-json\/wp\/v2\/product_tag?post=641"}],"curies":[{"name":"wp","href":"https:\/\/api.w.org\/{rel}","templated":true}]}}