{"id":6492,"date":"2026-04-21T11:59:16","date_gmt":"2026-04-21T11:59:16","guid":{"rendered":"https:\/\/sarecocukgiyim.com.tr\/urun\/kiz-cocuk-fiyonk-detayli-beyaz-topuklu-abiye-ayakkabi-topuklu-sandalet\/"},"modified":"2026-04-21T11:59:48","modified_gmt":"2026-04-21T11:59:48","slug":"kiz-cocuk-fiyonk-detayli-beyaz-topuklu-abiye-ayakkabi-topuklu-sandalet","status":"publish","type":"product","link":"https:\/\/sarecocukgiyim.com.tr\/en\/product\/kiz-cocuk-fiyonk-detayli-beyaz-topuklu-abiye-ayakkabi-topuklu-sandalet\/","title":{"rendered":"K\u0131z \u00c7ocuk Fiyonk Detayl\u0131 Beyaz Topuklu Abiye Ayakkab\u0131, Topuklu Sandalet"},"content":{"rendered":"<p>Kal\u0131n topuk sayesinde kolay giyim. Bile\u011fe g\u00f6re ayarlanabilir toka ,\u00e7ocuklar\u0131n ayak geli\u015fimine uygun olarak \u00fcretilmi\u015ftir. ; % 100 antialerjiktir. Anti bakteriyel taban, ; %100 yerli hammadde ile t\u00fcrkiye &#8216; de \u00fcretilmi\u015ftir, ; Mevsim: Ilkbahar- Yaz ; Taban materyali: Poli\u00fcretan ; Topuk y\u00fcksekli\u011fi: 3 cm ; Taban y\u00fcksekligi: 0,5 cm ; Ag\u0131rl\u0131k: 140-160 gr ; Kal\u0131p: Standart ayak \u00f6l\u00e7\u00fclerine g\u00f6re tam kal\u0131p ; Poli\u00fcretan taban: Plasti\u011fin s\u00fcngerle\u015ftirilmesi sonucu elde edilen taband\u0131r. Yumu\u015fak bir bas\u0131m\u0131n\u0131n olmas\u0131 ve hafif oldu\u011fu i\u00e7in terleme s\u00fcresini uzatmas\u0131 \u00f6nemli bir \u00f6zelli\u011fidir. ;<\/p>","protected":false},"excerpt":{"rendered":"<p>Kal\u0131n topuk sayesinde kolay giyim. Bile\u011fe g\u00f6re ayarlanabilir toka ,\u00e7ocuklar\u0131n ayak geli\u015fimine uygun olarak \u00fcretilmi\u015ftir. ; % 100 antialerjiktir. Anti<\/p>","protected":false},"featured_media":6494,"comment_status":"closed","ping_status":"open","template":"","meta":[],"product_brand":[53],"product_cat":[173],"product_tag":[],"class_list":{"0":"post-6492","1":"product","2":"type-product","3":"status-publish","4":"has-post-thumbnail","6":"product_brand-sare-cocuk-giyim","7":"product_cat-abiye-ayakkabi","8":"pa_numara-154","9":"pa_numara-152","10":"pa_numara-147","11":"pa_numara-144","12":"pa_numara-150","13":"pa_numara-155","14":"pa_numara-148","15":"pa_numara-151","16":"pa_numara-153","17":"pa_numara-146","18":"pa_renk-beyaz","20":"first","21":"instock","22":"sale","23":"purchasable","24":"product-type-variable"},"_links":{"self":[{"href":"https:\/\/sarecocukgiyim.com.tr\/en\/wp-json\/wp\/v2\/product\/6492","targetHints":{"allow":["GET"]}}],"collection":[{"href":"https:\/\/sarecocukgiyim.com.tr\/en\/wp-json\/wp\/v2\/product"}],"about":[{"href":"https:\/\/sarecocukgiyim.com.tr\/en\/wp-json\/wp\/v2\/types\/product"}],"replies":[{"embeddable":true,"href":"https:\/\/sarecocukgiyim.com.tr\/en\/wp-json\/wp\/v2\/comments?post=6492"}],"wp:featuredmedia":[{"embeddable":true,"href":"https:\/\/sarecocukgiyim.com.tr\/en\/wp-json\/wp\/v2\/media\/6494"}],"wp:attachment":[{"href":"https:\/\/sarecocukgiyim.com.tr\/en\/wp-json\/wp\/v2\/media?parent=6492"}],"wp:term":[{"taxonomy":"product_brand","embeddable":true,"href":"https:\/\/sarecocukgiyim.com.tr\/en\/wp-json\/wp\/v2\/product_brand?post=6492"},{"taxonomy":"product_cat","embeddable":true,"href":"https:\/\/sarecocukgiyim.com.tr\/en\/wp-json\/wp\/v2\/product_cat?post=6492"},{"taxonomy":"product_tag","embeddable":true,"href":"https:\/\/sarecocukgiyim.com.tr\/en\/wp-json\/wp\/v2\/product_tag?post=6492"}],"curies":[{"name":"wp","href":"https:\/\/api.w.org\/{rel}","templated":true}]}}