{"id":678,"date":"2026-01-22T13:19:09","date_gmt":"2026-01-22T13:19:09","guid":{"rendered":"https:\/\/sare.nerioworks.com\/urun\/siyah-kadife-etegi-gul-motifli-ozel-tasarim-kiz-cocuk-abiye-dogum-gunu-prenses-elbise-tokaeldiven\/"},"modified":"2026-01-22T13:35:48","modified_gmt":"2026-01-22T13:35:48","slug":"siyah-kadife-etegi-gul-motifli-ozel-tasarim-kiz-cocuk-abiye-dogum-gunu-prenses-elbise-tokaeldiven","status":"publish","type":"product","link":"https:\/\/sarecocukgiyim.com.tr\/en\/product\/siyah-kadife-etegi-gul-motifli-ozel-tasarim-kiz-cocuk-abiye-dogum-gunu-prenses-elbise-tokaeldiven\/","title":{"rendered":"Siyah Kadife Ete\u011fi G\u00fcl Motifli \u00d6zel Tasar\u0131m K\u0131z \u00c7ocuk Abiye Do\u011fum G\u00fcn\u00fc Prenses Elbise +Toka+Eldiven"},"content":{"rendered":"<p>&#8211; \u00d6zel tasar\u0131m k\u0131z \u00e7ocuk abiye, do\u011fum g\u00fcn\u00fc ve \u00f6zel g\u00fcnler i\u00e7in ideal bir se\u00e7imdir.; &#8211; Siyah kadife ete\u011fi ile \u015f\u0131k ve zarif bir g\u00f6r\u00fcn\u00fcm sunar.; &#8211; Beyaz g\u00fcl motifleri ile g\u00f6z al\u0131c\u0131 detaylara sahiptir.; &#8211; Kolsuz tasar\u0131m\u0131, hareket \u00f6zg\u00fcrl\u00fc\u011f\u00fc sa\u011flar ve rahat bir kullan\u0131m sunar.; &#8211; Toka ve eldiven gibi aksesuarlarla tamamlanm\u0131\u015f olup, b\u00fct\u00fcnleyici bir g\u00f6r\u00fcn\u00fcm elde edilir.;<\/p>","protected":false},"excerpt":{"rendered":"<p>&#8211; \u00d6zel tasar\u0131m k\u0131z \u00e7ocuk abiye, do\u011fum g\u00fcn\u00fc ve \u00f6zel g\u00fcnler i\u00e7in ideal bir se\u00e7imdir.; &#8211; Siyah kadife ete\u011fi ile<\/p>","protected":false},"featured_media":666,"comment_status":"closed","ping_status":"open","template":"","meta":[],"product_brand":[53],"product_cat":[54],"product_tag":[],"class_list":{"0":"post-678","1":"product","2":"type-product","3":"status-publish","4":"has-post-thumbnail","6":"product_brand-sare-cocuk-giyim","7":"product_cat-abiye-mezuniyet-elbisesi","8":"pa_beden-11-12-yas","9":"pa_beden-2-3-yas","10":"pa_beden-3-4-yas","11":"pa_beden-4-5-yas","12":"pa_beden-5-6-yas","13":"pa_beden-6-7-yas","14":"pa_beden-7-8-yas","15":"pa_beden-9-10-yas","17":"first","18":"instock","19":"sale","20":"purchasable","21":"product-type-variable"},"_links":{"self":[{"href":"https:\/\/sarecocukgiyim.com.tr\/en\/wp-json\/wp\/v2\/product\/678","targetHints":{"allow":["GET"]}}],"collection":[{"href":"https:\/\/sarecocukgiyim.com.tr\/en\/wp-json\/wp\/v2\/product"}],"about":[{"href":"https:\/\/sarecocukgiyim.com.tr\/en\/wp-json\/wp\/v2\/types\/product"}],"replies":[{"embeddable":true,"href":"https:\/\/sarecocukgiyim.com.tr\/en\/wp-json\/wp\/v2\/comments?post=678"}],"wp:featuredmedia":[{"embeddable":true,"href":"https:\/\/sarecocukgiyim.com.tr\/en\/wp-json\/wp\/v2\/media\/666"}],"wp:attachment":[{"href":"https:\/\/sarecocukgiyim.com.tr\/en\/wp-json\/wp\/v2\/media?parent=678"}],"wp:term":[{"taxonomy":"product_brand","embeddable":true,"href":"https:\/\/sarecocukgiyim.com.tr\/en\/wp-json\/wp\/v2\/product_brand?post=678"},{"taxonomy":"product_cat","embeddable":true,"href":"https:\/\/sarecocukgiyim.com.tr\/en\/wp-json\/wp\/v2\/product_cat?post=678"},{"taxonomy":"product_tag","embeddable":true,"href":"https:\/\/sarecocukgiyim.com.tr\/en\/wp-json\/wp\/v2\/product_tag?post=678"}],"curies":[{"name":"wp","href":"https:\/\/api.w.org\/{rel}","templated":true}]}}