{"id":720,"date":"2026-01-22T13:19:50","date_gmt":"2026-01-22T13:19:50","guid":{"rendered":"https:\/\/sare.nerioworks.com\/urun\/turkuaz-kadife-balon-etek-ozel-tasarim-kiz-cocuk-abiye-dogum-gunu-elbisesi-toka\/"},"modified":"2026-01-22T13:21:30","modified_gmt":"2026-01-22T13:21:30","slug":"turkuaz-kadife-balon-etek-ozel-tasarim-kiz-cocuk-abiye-dogum-gunu-elbisesi-toka","status":"publish","type":"product","link":"https:\/\/sarecocukgiyim.com.tr\/en\/product\/turkuaz-kadife-balon-etek-ozel-tasarim-kiz-cocuk-abiye-dogum-gunu-elbisesi-toka\/","title":{"rendered":"Turkuaz Kadife Balon Etek \u00d6zel Tasar\u0131m K\u0131z \u00c7ocuk Abiye Do\u011fum G\u00fcn\u00fc Elbisesi +Toka"},"content":{"rendered":"<p>&#8211; \u00d6zel tasar\u0131m balon etek kesimi ile \u015f\u0131k ve modern bir g\u00f6r\u00fcn\u00fcm sunar.; ; &#8211; Turkuaz kadife materyali, zarif dokusuyla g\u00f6z al\u0131c\u0131 bir par\u0131lt\u0131 sa\u011flar.; ; &#8211; Do\u011fum g\u00fcn\u00fc gibi \u00f6zel g\u00fcnlerde kullan\u0131ma uygun, dikkat \u00e7ekici bir elbise.; ; &#8211; E\u015flik eden toka ile tamamlanm\u0131\u015f, \u015f\u0131k bir aksesuar seti.; ; &#8211; Kadife kuma\u015f\u0131n yumu\u015fak dokusu, \u00e7ocuklar\u0131n konforunu \u00f6n planda tutar.; ; &#8211; \u00d6zel g\u00fcnler i\u00e7in ideal, unutulmaz an\u0131lar yaratmak i\u00e7in tasarlanm\u0131\u015ft\u0131r.; ; ;<\/p>","protected":false},"excerpt":{"rendered":"<p>&#8211; \u00d6zel tasar\u0131m balon etek kesimi ile \u015f\u0131k ve modern bir g\u00f6r\u00fcn\u00fcm sunar.; ; &#8211; Turkuaz kadife materyali, zarif dokusuyla<\/p>","protected":false},"featured_media":722,"comment_status":"closed","ping_status":"open","template":"","meta":[],"product_brand":[53],"product_cat":[54],"product_tag":[],"class_list":{"0":"post-720","1":"product","2":"type-product","3":"status-publish","4":"has-post-thumbnail","6":"product_brand-sare-cocuk-giyim","7":"product_cat-abiye-mezuniyet-elbisesi","8":"pa_beden-11-12-yas","9":"pa_beden-3-4-yas","10":"pa_beden-4-5-yas","11":"pa_beden-5-6-yas","12":"pa_beden-6-7-yas","13":"pa_beden-7-8-yas","14":"pa_beden-9-10-yas","16":"first","17":"instock","18":"sale","19":"purchasable","20":"product-type-variable"},"_links":{"self":[{"href":"https:\/\/sarecocukgiyim.com.tr\/en\/wp-json\/wp\/v2\/product\/720","targetHints":{"allow":["GET"]}}],"collection":[{"href":"https:\/\/sarecocukgiyim.com.tr\/en\/wp-json\/wp\/v2\/product"}],"about":[{"href":"https:\/\/sarecocukgiyim.com.tr\/en\/wp-json\/wp\/v2\/types\/product"}],"replies":[{"embeddable":true,"href":"https:\/\/sarecocukgiyim.com.tr\/en\/wp-json\/wp\/v2\/comments?post=720"}],"wp:featuredmedia":[{"embeddable":true,"href":"https:\/\/sarecocukgiyim.com.tr\/en\/wp-json\/wp\/v2\/media\/722"}],"wp:attachment":[{"href":"https:\/\/sarecocukgiyim.com.tr\/en\/wp-json\/wp\/v2\/media?parent=720"}],"wp:term":[{"taxonomy":"product_brand","embeddable":true,"href":"https:\/\/sarecocukgiyim.com.tr\/en\/wp-json\/wp\/v2\/product_brand?post=720"},{"taxonomy":"product_cat","embeddable":true,"href":"https:\/\/sarecocukgiyim.com.tr\/en\/wp-json\/wp\/v2\/product_cat?post=720"},{"taxonomy":"product_tag","embeddable":true,"href":"https:\/\/sarecocukgiyim.com.tr\/en\/wp-json\/wp\/v2\/product_tag?post=720"}],"curies":[{"name":"wp","href":"https:\/\/api.w.org\/{rel}","templated":true}]}}