{"id":750,"date":"2026-01-22T13:20:33","date_gmt":"2026-01-22T13:20:33","guid":{"rendered":"https:\/\/sare.nerioworks.com\/urun\/turkuaz-kadife-balon-kol-balon-etek-ozel-tasarim-kiz-cocuk-parti-elbisesi-toka\/"},"modified":"2026-01-22T13:21:30","modified_gmt":"2026-01-22T13:21:30","slug":"turkuaz-kadife-balon-kol-balon-etek-ozel-tasarim-kiz-cocuk-parti-elbisesi-toka","status":"publish","type":"product","link":"https:\/\/sarecocukgiyim.com.tr\/en\/product\/turkuaz-kadife-balon-kol-balon-etek-ozel-tasarim-kiz-cocuk-parti-elbisesi-toka\/","title":{"rendered":"Turkuaz Kadife Balon Kol Balon Etek \u00d6zel Tasar\u0131m K\u0131z \u00c7ocuk Parti Elbisesi +Toka"},"content":{"rendered":"<p>&#8211; Balon kol ve balon etek tasar\u0131m\u0131 ile hareket \u00f6zg\u00fcrl\u00fc\u011f\u00fc sa\u011flayan \u00f6zel tasar\u0131m elbise.; &#8211; K\u0131sa kol boyu, \u00e7ocuklar\u0131n rahat\u00e7a hareket etmesini sa\u011flar.; &#8211; Turkuaz rengi ve kadife dokusuyla \u015f\u0131kl\u0131\u011f\u0131 ve konforu bir arada sunar.; &#8211; \u00d6zel g\u00fcnlerde veya partilerde dikkat \u00e7eken bir g\u00f6r\u00fcn\u00fcm i\u00e7in idealdir.; &#8211; Balon kol tipi, zarif ve modern bir stil olu\u015fturur.; &#8211; Toka ile birlikte sunulur, sa\u00e7 stilinizi tamamlar.;<\/p>","protected":false},"excerpt":{"rendered":"<p>&#8211; Balon kol ve balon etek tasar\u0131m\u0131 ile hareket \u00f6zg\u00fcrl\u00fc\u011f\u00fc sa\u011flayan \u00f6zel tasar\u0131m elbise.; &#8211; K\u0131sa kol boyu, \u00e7ocuklar\u0131n rahat\u00e7a<\/p>","protected":false},"featured_media":752,"comment_status":"closed","ping_status":"open","template":"","meta":[],"product_brand":[53],"product_cat":[54],"product_tag":[],"class_list":{"0":"post-750","1":"product","2":"type-product","3":"status-publish","4":"has-post-thumbnail","6":"product_brand-sare-cocuk-giyim","7":"product_cat-abiye-mezuniyet-elbisesi","8":"pa_beden-11-12-yas","9":"pa_beden-2-3-yas","10":"pa_beden-3-4-yas","11":"pa_beden-4-5-yas","12":"pa_beden-5-6-yas","13":"pa_beden-6-7-yas","14":"pa_beden-7-8-yas","15":"pa_beden-9-10-yas","17":"first","18":"instock","19":"sale","20":"purchasable","21":"product-type-variable"},"_links":{"self":[{"href":"https:\/\/sarecocukgiyim.com.tr\/en\/wp-json\/wp\/v2\/product\/750","targetHints":{"allow":["GET"]}}],"collection":[{"href":"https:\/\/sarecocukgiyim.com.tr\/en\/wp-json\/wp\/v2\/product"}],"about":[{"href":"https:\/\/sarecocukgiyim.com.tr\/en\/wp-json\/wp\/v2\/types\/product"}],"replies":[{"embeddable":true,"href":"https:\/\/sarecocukgiyim.com.tr\/en\/wp-json\/wp\/v2\/comments?post=750"}],"wp:featuredmedia":[{"embeddable":true,"href":"https:\/\/sarecocukgiyim.com.tr\/en\/wp-json\/wp\/v2\/media\/752"}],"wp:attachment":[{"href":"https:\/\/sarecocukgiyim.com.tr\/en\/wp-json\/wp\/v2\/media?parent=750"}],"wp:term":[{"taxonomy":"product_brand","embeddable":true,"href":"https:\/\/sarecocukgiyim.com.tr\/en\/wp-json\/wp\/v2\/product_brand?post=750"},{"taxonomy":"product_cat","embeddable":true,"href":"https:\/\/sarecocukgiyim.com.tr\/en\/wp-json\/wp\/v2\/product_cat?post=750"},{"taxonomy":"product_tag","embeddable":true,"href":"https:\/\/sarecocukgiyim.com.tr\/en\/wp-json\/wp\/v2\/product_tag?post=750"}],"curies":[{"name":"wp","href":"https:\/\/api.w.org\/{rel}","templated":true}]}}