{"id":824,"date":"2026-01-22T13:22:12","date_gmt":"2026-01-22T13:22:12","guid":{"rendered":"https:\/\/sare.nerioworks.com\/urun\/kiz-cocuk-premium-deluxe-kirmizi-bagcikli-yelek-detayli-ozel-gun-cosplay-elbisesi-toka\/"},"modified":"2026-01-22T13:22:55","modified_gmt":"2026-01-22T13:22:55","slug":"kiz-cocuk-premium-deluxe-kirmizi-bagcikli-yelek-detayli-ozel-gun-cosplay-elbisesi-toka","status":"publish","type":"product","link":"https:\/\/sarecocukgiyim.com.tr\/en\/product\/kiz-cocuk-premium-deluxe-kirmizi-bagcikli-yelek-detayli-ozel-gun-cosplay-elbisesi-toka\/","title":{"rendered":"K\u0131z \u00c7ocuk Premium Deluxe K\u0131rm\u0131z\u0131 Ba\u011fc\u0131kl\u0131 Yelek Detayl\u0131 \u00d6zel G\u00fcn Cosplay Elbisesi + Toka"},"content":{"rendered":"<p>&#8211; Keten kar\u0131\u015f\u0131ml\u0131 dokuma kuma\u015f\u0131 ile dayan\u0131kl\u0131l\u0131k ve konforu bir arada sunar.; &#8211; \u00d6zel g\u00fcnlerde \u015f\u0131kl\u0131\u011f\u0131n\u0131z\u0131 tamamlayacak yelek detaylar\u0131 ile dikkat \u00e7eker.; &#8211; Toka aksesuar\u0131 ile sa\u00e7 stilinizi de tamamlayarak b\u00fct\u00fcnsel bir g\u00f6r\u00fcn\u00fcm olu\u015fturur.; &#8211; \u00d6zel g\u00fcnlerde \u00e7ocuklar\u0131n rahat hareket etmesini sa\u011flayacak \u015fekilde tasarlanm\u0131\u015ft\u0131r.; &#8211; \u00dcr\u00fcn, \u00f6zel g\u00fcnlerde veya cosplay etkinliklerinde kullan\u0131lmak \u00fczere idealdir.;<\/p>","protected":false},"excerpt":{"rendered":"<p>&#8211; Keten kar\u0131\u015f\u0131ml\u0131 dokuma kuma\u015f\u0131 ile dayan\u0131kl\u0131l\u0131k ve konforu bir arada sunar.; &#8211; \u00d6zel g\u00fcnlerde \u015f\u0131kl\u0131\u011f\u0131n\u0131z\u0131 tamamlayacak yelek detaylar\u0131 ile<\/p>","protected":false},"featured_media":826,"comment_status":"closed","ping_status":"open","template":"","meta":[],"product_brand":[53],"product_cat":[54],"product_tag":[],"class_list":{"0":"post-824","1":"product","2":"type-product","3":"status-publish","4":"has-post-thumbnail","6":"product_brand-sare-cocuk-giyim","7":"product_cat-abiye-mezuniyet-elbisesi","8":"pa_beden-0-6-ay","9":"pa_beden-1-2-yas","10":"pa_beden-11-12-yas","11":"pa_beden-2-3-yas","12":"pa_beden-3-4-yas","13":"pa_beden-4-5-yas","14":"pa_beden-5-6-yas","15":"pa_beden-6-12-ay","16":"pa_beden-6-7-yas","17":"pa_beden-7-8-yas","18":"pa_beden-9-10-yas","20":"first","21":"instock","22":"sale","23":"purchasable","24":"product-type-variable"},"_links":{"self":[{"href":"https:\/\/sarecocukgiyim.com.tr\/en\/wp-json\/wp\/v2\/product\/824","targetHints":{"allow":["GET"]}}],"collection":[{"href":"https:\/\/sarecocukgiyim.com.tr\/en\/wp-json\/wp\/v2\/product"}],"about":[{"href":"https:\/\/sarecocukgiyim.com.tr\/en\/wp-json\/wp\/v2\/types\/product"}],"replies":[{"embeddable":true,"href":"https:\/\/sarecocukgiyim.com.tr\/en\/wp-json\/wp\/v2\/comments?post=824"}],"wp:featuredmedia":[{"embeddable":true,"href":"https:\/\/sarecocukgiyim.com.tr\/en\/wp-json\/wp\/v2\/media\/826"}],"wp:attachment":[{"href":"https:\/\/sarecocukgiyim.com.tr\/en\/wp-json\/wp\/v2\/media?parent=824"}],"wp:term":[{"taxonomy":"product_brand","embeddable":true,"href":"https:\/\/sarecocukgiyim.com.tr\/en\/wp-json\/wp\/v2\/product_brand?post=824"},{"taxonomy":"product_cat","embeddable":true,"href":"https:\/\/sarecocukgiyim.com.tr\/en\/wp-json\/wp\/v2\/product_cat?post=824"},{"taxonomy":"product_tag","embeddable":true,"href":"https:\/\/sarecocukgiyim.com.tr\/en\/wp-json\/wp\/v2\/product_tag?post=824"}],"curies":[{"name":"wp","href":"https:\/\/api.w.org\/{rel}","templated":true}]}}