{"id":932,"date":"2026-01-22T13:24:31","date_gmt":"2026-01-22T13:24:31","guid":{"rendered":"https:\/\/sare.nerioworks.com\/urun\/deluxe-collection-kiz-cocuk-kahve-kadife-gold-fiyonk-ozel-tasarim-dogum-gunu-abiye-elbise\/"},"modified":"2026-01-22T13:29:15","modified_gmt":"2026-01-22T13:29:15","slug":"deluxe-collection-kiz-cocuk-kahve-kadife-gold-fiyonk-ozel-tasarim-dogum-gunu-abiye-elbise","status":"publish","type":"product","link":"https:\/\/sarecocukgiyim.com.tr\/en\/product\/deluxe-collection-kiz-cocuk-kahve-kadife-gold-fiyonk-ozel-tasarim-dogum-gunu-abiye-elbise\/","title":{"rendered":"Deluxe Collection K\u0131z \u00c7ocuk Kahve Kadife Gold Fiyonk \u00d6zel Tasar\u0131m Do\u011fum G\u00fcn\u00fc Abiye Elbise"},"content":{"rendered":"<p>&#8211; Kadife dokusuyla zarif bir g\u00f6r\u00fcn\u00fcm sunan Deluxe Collection K\u0131z \u00c7ocuk Kahve Kadife Gold Fiyonk \u00d6zel Tasar\u0131m Do\u011fum G\u00fcn\u00fc Abiye Elbise, \u00f6zel g\u00fcnlerinizde \u015f\u0131kl\u0131\u011f\u0131n\u0131z\u0131 tamamlar.; &#8211; T\u00fcylenme yapmayan kuma\u015f\u0131 sayesinde uzun s\u00fcreli kullan\u0131m i\u00e7in idealdir ve formunu korur.; &#8211; D\u00fcz deseniyle sade ve \u015f\u0131k bir tarz yarat\u0131rken, gold fiyonk detay\u0131 ile g\u00f6z al\u0131c\u0131 bir dokunu\u015f sa\u011flar.; &#8211; \u00d6zel tasar\u0131m\u0131yla dikkat \u00e7eken bu elbise, k\u0131z \u00e7ocuklar\u0131n\u0131n do\u011fum g\u00fcnlerinde unutulmaz anlar ya\u015famas\u0131na olanak tan\u0131r.; &#8211; Kadife materyali ile konforlu bir kullan\u0131m sunarken, \u015f\u0131k siluetiyle hareket \u00f6zg\u00fcrl\u00fc\u011f\u00fc sa\u011flar.;<\/p>","protected":false},"excerpt":{"rendered":"<p>&#8211; Kadife dokusuyla zarif bir g\u00f6r\u00fcn\u00fcm sunan Deluxe Collection K\u0131z \u00c7ocuk Kahve Kadife Gold Fiyonk \u00d6zel Tasar\u0131m Do\u011fum G\u00fcn\u00fc Abiye<\/p>","protected":false},"featured_media":863,"comment_status":"closed","ping_status":"open","template":"","meta":[],"product_brand":[53],"product_cat":[54],"product_tag":[],"class_list":{"0":"post-932","1":"product","2":"type-product","3":"status-publish","4":"has-post-thumbnail","6":"product_brand-sare-cocuk-giyim","7":"product_cat-abiye-mezuniyet-elbisesi","8":"pa_beden-1-2-yas","9":"pa_beden-11-12-yas","10":"pa_beden-12-13-yas","11":"pa_beden-2-3-yas","12":"pa_beden-3-4-yas","13":"pa_beden-4-5-yas","14":"pa_beden-5-6-yas","15":"pa_beden-6-7-yas","16":"pa_beden-7-8-yas","17":"pa_beden-9-10-yas","19":"first","20":"instock","21":"sale","22":"purchasable","23":"product-type-variable"},"_links":{"self":[{"href":"https:\/\/sarecocukgiyim.com.tr\/en\/wp-json\/wp\/v2\/product\/932","targetHints":{"allow":["GET"]}}],"collection":[{"href":"https:\/\/sarecocukgiyim.com.tr\/en\/wp-json\/wp\/v2\/product"}],"about":[{"href":"https:\/\/sarecocukgiyim.com.tr\/en\/wp-json\/wp\/v2\/types\/product"}],"replies":[{"embeddable":true,"href":"https:\/\/sarecocukgiyim.com.tr\/en\/wp-json\/wp\/v2\/comments?post=932"}],"wp:featuredmedia":[{"embeddable":true,"href":"https:\/\/sarecocukgiyim.com.tr\/en\/wp-json\/wp\/v2\/media\/863"}],"wp:attachment":[{"href":"https:\/\/sarecocukgiyim.com.tr\/en\/wp-json\/wp\/v2\/media?parent=932"}],"wp:term":[{"taxonomy":"product_brand","embeddable":true,"href":"https:\/\/sarecocukgiyim.com.tr\/en\/wp-json\/wp\/v2\/product_brand?post=932"},{"taxonomy":"product_cat","embeddable":true,"href":"https:\/\/sarecocukgiyim.com.tr\/en\/wp-json\/wp\/v2\/product_cat?post=932"},{"taxonomy":"product_tag","embeddable":true,"href":"https:\/\/sarecocukgiyim.com.tr\/en\/wp-json\/wp\/v2\/product_tag?post=932"}],"curies":[{"name":"wp","href":"https:\/\/api.w.org\/{rel}","templated":true}]}}