{"id":986,"date":"2026-01-22T13:24:56","date_gmt":"2026-01-22T13:24:56","guid":{"rendered":"https:\/\/sare.nerioworks.com\/urun\/kiz-cocuk-premium-deluxe-siyah-kadife-bagcikli-yelek-detayli-ozel-gun-cosplay-elbisesi-toka\/"},"modified":"2026-01-22T13:26:27","modified_gmt":"2026-01-22T13:26:27","slug":"kiz-cocuk-premium-deluxe-siyah-kadife-bagcikli-yelek-detayli-ozel-gun-cosplay-elbisesi-toka","status":"publish","type":"product","link":"https:\/\/sarecocukgiyim.com.tr\/en\/product\/kiz-cocuk-premium-deluxe-siyah-kadife-bagcikli-yelek-detayli-ozel-gun-cosplay-elbisesi-toka\/","title":{"rendered":"K\u0131z \u00c7ocuk Premium Deluxe Siyah Kadife Ba\u011fc\u0131kl\u0131 Yelek Detayl\u0131 \u00d6zel G\u00fcn Cosplay Elbisesi + Toka"},"content":{"rendered":"<p>&#8211; \u00d6zel g\u00fcnlerde \u015f\u0131kl\u0131\u011f\u0131 ve rahatl\u0131\u011f\u0131 bir arada sunan siyah kadife yelek detayl\u0131 elbise, k\u0131z \u00e7ocuklar\u0131n\u0131n gard\u0131robunun vazge\u00e7ilmez bir par\u00e7as\u0131.; &#8211; Ba\u011fc\u0131kl\u0131 tasar\u0131m\u0131 sayesinde kolayca giyilip \u00e7\u0131kar\u0131labilir ve \u00e7ocuklar\u0131n kendi ba\u015flar\u0131na giyinmelerini te\u015fvik eder.; &#8211; Toka aksesuar\u0131 ile sa\u00e7lar\u0131 toplamak i\u00e7in pratik bir \u00e7\u00f6z\u00fcm sunar, b\u00f6ylece sa\u00e7 \u015fekillendirme s\u00fcreci daha e\u011flenceli hale gelir.; &#8211; Yelek detaylar\u0131 ile hem \u015f\u0131k hem de fonksiyonel bir g\u00f6r\u00fcn\u00fcm sa\u011flar; \u00f6zel g\u00fcnlerde dikkat \u00e7ekici bir stil olu\u015fturur.; &#8211; \u00c7e\u015fitli etkinliklerde ve partilerde kullan\u0131ma uygun olan bu elbise, k\u0131z \u00e7ocuklar\u0131n\u0131n kendini \u00f6zel hissetmesini sa\u011flar.; &#8211; Premium malzeme kullan\u0131m\u0131 sayesinde uzun s\u00fcreli kullan\u0131m i\u00e7in idealdir; dayan\u0131kl\u0131l\u0131\u011f\u0131 ve konforu \u00f6n planda tutar.; &#8211; Kolay bak\u0131m imkan\u0131 sunan y\u0131kama talimatlar\u0131na uygun \u015fekilde temizlenebilir; b\u00f6ylece ebeveynler i\u00e7in de pratiklik sa\u011flar.;<\/p>","protected":false},"excerpt":{"rendered":"<p>&#8211; \u00d6zel g\u00fcnlerde \u015f\u0131kl\u0131\u011f\u0131 ve rahatl\u0131\u011f\u0131 bir arada sunan siyah kadife yelek detayl\u0131 elbise, k\u0131z \u00e7ocuklar\u0131n\u0131n gard\u0131robunun vazge\u00e7ilmez bir par\u00e7as\u0131.;<\/p>","protected":false},"featured_media":988,"comment_status":"closed","ping_status":"open","template":"","meta":[],"product_brand":[53],"product_cat":[54],"product_tag":[],"class_list":{"0":"post-986","1":"product","2":"type-product","3":"status-publish","4":"has-post-thumbnail","6":"product_brand-sare-cocuk-giyim","7":"product_cat-abiye-mezuniyet-elbisesi","8":"pa_beden-0-3-ay","9":"pa_beden-1-2-yas","10":"pa_beden-11-12-yas","11":"pa_beden-12-18-ay","12":"pa_beden-2-3-yas","13":"pa_beden-3-4-yas","14":"pa_beden-3-6-ay","15":"pa_beden-4-5-yas","16":"pa_beden-5-6-yas","17":"pa_beden-6-7-yas","18":"pa_beden-6-9-ay","19":"pa_beden-7-8-yas","20":"pa_beden-9-12-ay","21":"pa_beden-9-10-yas","23":"first","24":"instock","25":"sale","26":"purchasable","27":"product-type-variable"},"_links":{"self":[{"href":"https:\/\/sarecocukgiyim.com.tr\/en\/wp-json\/wp\/v2\/product\/986","targetHints":{"allow":["GET"]}}],"collection":[{"href":"https:\/\/sarecocukgiyim.com.tr\/en\/wp-json\/wp\/v2\/product"}],"about":[{"href":"https:\/\/sarecocukgiyim.com.tr\/en\/wp-json\/wp\/v2\/types\/product"}],"replies":[{"embeddable":true,"href":"https:\/\/sarecocukgiyim.com.tr\/en\/wp-json\/wp\/v2\/comments?post=986"}],"wp:featuredmedia":[{"embeddable":true,"href":"https:\/\/sarecocukgiyim.com.tr\/en\/wp-json\/wp\/v2\/media\/988"}],"wp:attachment":[{"href":"https:\/\/sarecocukgiyim.com.tr\/en\/wp-json\/wp\/v2\/media?parent=986"}],"wp:term":[{"taxonomy":"product_brand","embeddable":true,"href":"https:\/\/sarecocukgiyim.com.tr\/en\/wp-json\/wp\/v2\/product_brand?post=986"},{"taxonomy":"product_cat","embeddable":true,"href":"https:\/\/sarecocukgiyim.com.tr\/en\/wp-json\/wp\/v2\/product_cat?post=986"},{"taxonomy":"product_tag","embeddable":true,"href":"https:\/\/sarecocukgiyim.com.tr\/en\/wp-json\/wp\/v2\/product_tag?post=986"}],"curies":[{"name":"wp","href":"https:\/\/api.w.org\/{rel}","templated":true}]}}